{"id":96771,"date":"2023-01-09T05:58:09","date_gmt":"2023-01-09T05:58:09","guid":{"rendered":"https:\/\/divi.pixelsbuilderplus.com\/divi-themes\/demowoo\/?post_type=product&#038;p=100009"},"modified":"2024-11-25T08:24:55","modified_gmt":"2024-11-25T08:24:55","slug":"carra","status":"publish","type":"product","link":"https:\/\/lenouf.com\/fr\/produit\/carra\/","title":{"rendered":"Carra"},"content":{"rendered":"<p>Plus d'informations ici...<\/p>","protected":false},"excerpt":{"rendered":"<p>Notre parfum unique Carra est synonyme de joie. La fra\u00eecheur de ce parfum vous rappellera une belle journ\u00e9e de printemps. Un jour o\u00f9 vous vous r\u00e9veillez dans la joie. La joie est un aspect important de l'amour. Ce parfum stimule vos sens et sa fra\u00eecheur vous donne le sourire. Carra est un parfum joyeux.<\/p>","protected":false},"featured_media":100478,"comment_status":"open","ping_status":"closed","template":"","meta":{"_et_pb_use_builder":"","_et_pb_old_content":"","_et_gb_content_width":""},"product_brand":[],"product_cat":[16],"product_tag":[],"class_list":{"0":"post-96771","1":"product","2":"type-product","3":"status-publish","4":"has-post-thumbnail","6":"product_cat-uncategorized","8":"first","9":"instock","10":"taxable","11":"shipping-taxable","12":"purchasable","13":"product-type-simple"},"yoast_head":"<!-- This site is optimized with the Yoast SEO plugin v25.9 - https:\/\/yoast.com\/wordpress\/plugins\/seo\/ -->\n<title>Carra - L\u00c9NOUF<\/title>\n<meta name=\"robots\" content=\"index, follow, max-snippet:-1, max-image-preview:large, max-video-preview:-1\" \/>\n<link rel=\"canonical\" href=\"https:\/\/lenouf.com\/fr\/produit\/carra\/\" \/>\n<meta property=\"og:locale\" content=\"fr_FR\" \/>\n<meta property=\"og:type\" content=\"article\" \/>\n<meta property=\"og:title\" content=\"Carra - L\u00c9NOUF\" \/>\n<meta property=\"og:description\" content=\"Our unique scent Carra stands for joy. The freshness of this scent will remind you of a beautiful spring day. The day where you wake up with joy. Joy is an important aspect of love. This scent stimulates your senses, and the freshness puts a smile on your face. Carra is a happy scent.\" \/>\n<meta property=\"og:url\" content=\"https:\/\/lenouf.com\/fr\/produit\/carra\/\" \/>\n<meta property=\"og:site_name\" content=\"L\u00c9NOUF\" \/>\n<meta property=\"article:modified_time\" content=\"2024-11-25T08:24:55+00:00\" \/>\n<meta property=\"og:image\" content=\"https:\/\/lenouf.com\/wp-content\/uploads\/2023\/01\/LeNouf-Carra-2.jpg\" \/>\n\t<meta property=\"og:image:width\" content=\"1500\" \/>\n\t<meta property=\"og:image:height\" content=\"1500\" \/>\n\t<meta property=\"og:image:type\" content=\"image\/jpeg\" \/>\n<meta name=\"twitter:card\" content=\"summary_large_image\" \/>\n<meta name=\"twitter:label1\" content=\"Dur\u00e9e de lecture estim\u00e9e\" \/>\n\t<meta name=\"twitter:data1\" content=\"1 minute\" \/>\n<script type=\"application\/ld+json\" class=\"yoast-schema-graph\">{\"@context\":\"https:\/\/schema.org\",\"@graph\":[{\"@type\":\"WebPage\",\"@id\":\"https:\/\/lenouf.com\/product\/carra\/\",\"url\":\"https:\/\/lenouf.com\/product\/carra\/\",\"name\":\"Carra - L\u00c9NOUF\",\"isPartOf\":{\"@id\":\"https:\/\/lenouf.com\/#website\"},\"primaryImageOfPage\":{\"@id\":\"https:\/\/lenouf.com\/product\/carra\/#primaryimage\"},\"image\":{\"@id\":\"https:\/\/lenouf.com\/product\/carra\/#primaryimage\"},\"thumbnailUrl\":\"https:\/\/lenouf.com\/wp-content\/uploads\/2023\/01\/LeNouf-Carra-2.jpg\",\"datePublished\":\"2023-01-09T05:58:09+00:00\",\"dateModified\":\"2024-11-25T08:24:55+00:00\",\"breadcrumb\":{\"@id\":\"https:\/\/lenouf.com\/product\/carra\/#breadcrumb\"},\"inLanguage\":\"fr-FR\",\"potentialAction\":[{\"@type\":\"ReadAction\",\"target\":[\"https:\/\/lenouf.com\/product\/carra\/\"]}]},{\"@type\":\"ImageObject\",\"inLanguage\":\"fr-FR\",\"@id\":\"https:\/\/lenouf.com\/product\/carra\/#primaryimage\",\"url\":\"https:\/\/lenouf.com\/wp-content\/uploads\/2023\/01\/LeNouf-Carra-2.jpg\",\"contentUrl\":\"https:\/\/lenouf.com\/wp-content\/uploads\/2023\/01\/LeNouf-Carra-2.jpg\",\"width\":1500,\"height\":1500},{\"@type\":\"BreadcrumbList\",\"@id\":\"https:\/\/lenouf.com\/product\/carra\/#breadcrumb\",\"itemListElement\":[{\"@type\":\"ListItem\",\"position\":1,\"name\":\"Home\",\"item\":\"https:\/\/lenouf.com\/\"},{\"@type\":\"ListItem\",\"position\":2,\"name\":\"Store\",\"item\":\"https:\/\/lenouf.com\/store\/\"},{\"@type\":\"ListItem\",\"position\":3,\"name\":\"Carra\"}]},{\"@type\":\"WebSite\",\"@id\":\"https:\/\/lenouf.com\/#website\",\"url\":\"https:\/\/lenouf.com\/\",\"name\":\"L\u00c9NOUF\",\"description\":\"\",\"potentialAction\":[{\"@type\":\"SearchAction\",\"target\":{\"@type\":\"EntryPoint\",\"urlTemplate\":\"https:\/\/lenouf.com\/?s={search_term_string}\"},\"query-input\":{\"@type\":\"PropertyValueSpecification\",\"valueRequired\":true,\"valueName\":\"search_term_string\"}}],\"inLanguage\":\"fr-FR\"}]}<\/script>\n<!-- \/ Yoast SEO plugin. -->","yoast_head_json":{"title":"Carra - L\u00c9NOUF","robots":{"index":"index","follow":"follow","max-snippet":"max-snippet:-1","max-image-preview":"max-image-preview:large","max-video-preview":"max-video-preview:-1"},"canonical":"https:\/\/lenouf.com\/fr\/produit\/carra\/","og_locale":"fr_FR","og_type":"article","og_title":"Carra - L\u00c9NOUF","og_description":"Our unique scent Carra stands for joy. The freshness of this scent will remind you of a beautiful spring day. The day where you wake up with joy. Joy is an important aspect of love. This scent stimulates your senses, and the freshness puts a smile on your face. Carra is a happy scent.","og_url":"https:\/\/lenouf.com\/fr\/produit\/carra\/","og_site_name":"L\u00c9NOUF","article_modified_time":"2024-11-25T08:24:55+00:00","og_image":[{"width":1500,"height":1500,"url":"https:\/\/lenouf.com\/wp-content\/uploads\/2023\/01\/LeNouf-Carra-2.jpg","type":"image\/jpeg"}],"twitter_card":"summary_large_image","twitter_misc":{"Dur\u00e9e de lecture estim\u00e9e":"1 minute"},"schema":{"@context":"https:\/\/schema.org","@graph":[{"@type":"WebPage","@id":"https:\/\/lenouf.com\/product\/carra\/","url":"https:\/\/lenouf.com\/product\/carra\/","name":"Carra - L\u00c9NOUF","isPartOf":{"@id":"https:\/\/lenouf.com\/#website"},"primaryImageOfPage":{"@id":"https:\/\/lenouf.com\/product\/carra\/#primaryimage"},"image":{"@id":"https:\/\/lenouf.com\/product\/carra\/#primaryimage"},"thumbnailUrl":"https:\/\/lenouf.com\/wp-content\/uploads\/2023\/01\/LeNouf-Carra-2.jpg","datePublished":"2023-01-09T05:58:09+00:00","dateModified":"2024-11-25T08:24:55+00:00","breadcrumb":{"@id":"https:\/\/lenouf.com\/product\/carra\/#breadcrumb"},"inLanguage":"fr-FR","potentialAction":[{"@type":"ReadAction","target":["https:\/\/lenouf.com\/product\/carra\/"]}]},{"@type":"ImageObject","inLanguage":"fr-FR","@id":"https:\/\/lenouf.com\/product\/carra\/#primaryimage","url":"https:\/\/lenouf.com\/wp-content\/uploads\/2023\/01\/LeNouf-Carra-2.jpg","contentUrl":"https:\/\/lenouf.com\/wp-content\/uploads\/2023\/01\/LeNouf-Carra-2.jpg","width":1500,"height":1500},{"@type":"BreadcrumbList","@id":"https:\/\/lenouf.com\/product\/carra\/#breadcrumb","itemListElement":[{"@type":"ListItem","position":1,"name":"Home","item":"https:\/\/lenouf.com\/"},{"@type":"ListItem","position":2,"name":"Store","item":"https:\/\/lenouf.com\/store\/"},{"@type":"ListItem","position":3,"name":"Carra"}]},{"@type":"WebSite","@id":"https:\/\/lenouf.com\/#website","url":"https:\/\/lenouf.com\/","name":"L\u00c9NOUF","description":"","potentialAction":[{"@type":"SearchAction","target":{"@type":"EntryPoint","urlTemplate":"https:\/\/lenouf.com\/?s={search_term_string}"},"query-input":{"@type":"PropertyValueSpecification","valueRequired":true,"valueName":"search_term_string"}}],"inLanguage":"fr-FR"}]}},"_links":{"self":[{"href":"https:\/\/lenouf.com\/fr\/wp-json\/wp\/v2\/product\/96771","targetHints":{"allow":["GET"]}}],"collection":[{"href":"https:\/\/lenouf.com\/fr\/wp-json\/wp\/v2\/product"}],"about":[{"href":"https:\/\/lenouf.com\/fr\/wp-json\/wp\/v2\/types\/product"}],"replies":[{"embeddable":true,"href":"https:\/\/lenouf.com\/fr\/wp-json\/wp\/v2\/comments?post=96771"}],"wp:featuredmedia":[{"embeddable":true,"href":"https:\/\/lenouf.com\/fr\/wp-json\/wp\/v2\/media\/100478"}],"wp:attachment":[{"href":"https:\/\/lenouf.com\/fr\/wp-json\/wp\/v2\/media?parent=96771"}],"wp:term":[{"taxonomy":"product_brand","embeddable":true,"href":"https:\/\/lenouf.com\/fr\/wp-json\/wp\/v2\/product_brand?post=96771"},{"taxonomy":"product_cat","embeddable":true,"href":"https:\/\/lenouf.com\/fr\/wp-json\/wp\/v2\/product_cat?post=96771"},{"taxonomy":"product_tag","embeddable":true,"href":"https:\/\/lenouf.com\/fr\/wp-json\/wp\/v2\/product_tag?post=96771"}],"curies":[{"name":"wp","href":"https:\/\/api.w.org\/{rel}","templated":true}]}}