{"id":100131,"date":"2023-12-04T18:36:17","date_gmt":"2023-12-04T18:36:17","guid":{"rendered":"https:\/\/lenouf.com\/?post_type=product&#038;p=100131"},"modified":"2024-11-25T08:24:42","modified_gmt":"2024-11-25T08:24:42","slug":"blooms","status":"publish","type":"product","link":"https:\/\/lenouf.com\/fr\/produit\/blooms\/","title":{"rendered":"Blooms"},"content":{"rendered":"<p>[et_pb_section fb_built=\"1\u2033 _builder_version=\"4.16\u2033 custom_padding=\"0px||||false|false\" global_colors_info=\"{}\"][et_pb_row _builder_version=\"4.16\u2033 background_size=\"initial\" background_position=\"top_left\" background_repeat=\"repeat\" width=\"100%\" custom_padding=\"0px||0px|false|false\" global_colors_info=\"{}\"][et_pb_column type=\"4_4\u2033 _builder_version=\"4.16\u2033 custom_padding=\"|||\" global_colors_info=\"{}\" custom_padding__hover=\"|||\"][et_pb_wc_breadcrumb _builder_version=\"4.16\u2033 global_colors_info=\"{}\"][\/et_pb_wc_breadcrumb][et_pb_wc_cart_notice _builder_version=\"4.16\u2033 global_colors_info=\"{}\"][\/et_pb_wc_cart_notice][\/et_pb_column][\/et_pb_row][et_pb_row column_structure=\"1_2,1_2\u2033 _builder_version=\"4.16\u2033 background_size=\"initial\" background_position=\"top_left\" background_repeat=\"repeat\" width=\"100%\" custom_padding=\"0px||||false|false\" global_colors_info=\"{}\"][et_pb_column type=\"1_2\u2033 _builder_version=\"4.16\u2033 custom_padding=\"|||\" global_colors_info=\"{}\" custom_padding__hover=\"|||\"][et_pb_wc_images _builder_version=\"4.16\u2033 global_colors_info=\"{}\"][\/et_pb_wc_images][\/et_pb_column][et_pb_column type=\"1_2\u2033 _builder_version=\"4.16\u2033 custom_padding=\"|||\" global_colors_info=\"{}\" custom_padding__hover=\"|||\"][et_pb_wc_title _builder_version=\"4.16\u2033 global_colors_info=\"{}\"][\/et_pb_wc_title][et_pb_wc_rating _builder_version=\"4.16\u2033 global_colors_info=\"{}\"][\/et_pb_wc_rating][et_pb_wc_price _builder_version=\"4.16\u2033 global_colors_info=\"{}\"][\/et_pb_wc_price][et_pb_wc_description _builder_version=\"4.16\u2033 global_colors_info=\"{}\"][\/et_pb_wc_description][et_pb_wc_add_to_cart _builder_version=\"4.16\u2033 global_colors_info=\"{}\"][\/et_pb_wc_add_cart][\/et_pb_column][\/et_pb_row][et_pb_row _builder_version=\"4.16\u2033 background_size=\"initial\" background_position=\"top_left\" background_repeat=\"repeat\" width=\"100%\" global_colors_info=\"{}\"][et_pb_column type=\"4_4\u2033 _builder_version=\"4.16\u2033 custom_padding=\"|||\" global_colors_info=\"{}\" custom_padding__hover=\"|||\"][et_pb_wc_tabs _builder_version=\"4.16\u2033 global_colors_info=\"{}\"] [\/et_pb_wc_tabs][et_pb_wc_upsells _builder_version=\"4.16\u2033 global_colors_info=\"{}\"][\/et_pb_wc_upsells][et_pb_wc_related_products _builder_version=\"4.16\u2033 global_colors_info=\"{}\"][\/et_pb_wc_related_products][\/et_pb_column][\/et_pb_row][\/et_pb_section]<\/p>","protected":false},"excerpt":{"rendered":"<p>Splendeur florale enchanteresse de L\u00e9nouf<\/p>\n<p>Plongez dans le monde luxuriant de Blooms, un parfum impr\u00e9gn\u00e9 des ar\u00f4mes enchanteurs de la nature. Chez L\u00e9nouf, nous avons soigneusement s\u00e9lectionn\u00e9 les notes de parfum les plus raffin\u00e9es pour cr\u00e9er une symphonie florale... une symphonie qui enchante vos sens.<\/p>\n<p>Enchantement floral :<br \/>\nBlooms s'ouvre comme un jardin en fleurs, o\u00f9 les notes raffin\u00e9es de roses, de lys et de violettes s'unissent pour former un bouquet enchanteur. Les notes florales apportent un \u00e9quilibre harmonieux, cr\u00e9ant une aura de fra\u00eecheur et d'\u00e9l\u00e9gance.<\/p>\n<p>Choisis dans la nature :<br \/>\nChez L\u00e9nouf, nous croyons au pouvoir de la nature. Les notes de Blooms ont \u00e9t\u00e9 soigneusement choisies dans la nature, o\u00f9 seuls les meilleurs ingr\u00e9dients entrent dans la composition de ce parfum luxuriant. Chaque note contribue \u00e0 la beaut\u00e9 pure et naturelle de Blooms.<\/p>\n<p>Une symphonie florale :<br \/>\nBlooms est plus qu'un parfum, c'est une symphonie de fleurs qui s'unissent pour cr\u00e9er une m\u00e9lodie enchanteresse. Ce parfum vous emm\u00e8ne en voyage dans un jardin fleuri, o\u00f9 chaque note raconte une histoire de beaut\u00e9 et de gr\u00e2ce. Laissez-vous envelopper par la splendeur florale de Blooms, un parfum qui capture l'essence de la beaut\u00e9 naturelle. Vivez l'enchantement de la nature avec L\u00e9nouf.<\/p>","protected":false},"featured_media":100476,"comment_status":"open","ping_status":"closed","template":"","meta":{"_et_pb_use_builder":"on","_et_pb_old_content":"More information here...","_et_gb_content_width":""},"product_brand":[],"product_cat":[16],"product_tag":[],"class_list":{"0":"post-100131","1":"product","2":"type-product","3":"status-publish","4":"has-post-thumbnail","6":"product_cat-uncategorized","8":"first","9":"instock","10":"taxable","11":"shipping-taxable","12":"purchasable","13":"product-type-simple"},"yoast_head":"<!-- This site is optimized with the Yoast SEO plugin v25.9 - https:\/\/yoast.com\/wordpress\/plugins\/seo\/ -->\n<title>Blooms - L\u00c9NOUF<\/title>\n<meta name=\"robots\" content=\"index, follow, max-snippet:-1, max-image-preview:large, max-video-preview:-1\" \/>\n<link rel=\"canonical\" href=\"https:\/\/lenouf.com\/fr\/produit\/blooms\/\" \/>\n<meta property=\"og:locale\" content=\"fr_FR\" \/>\n<meta property=\"og:type\" content=\"article\" \/>\n<meta property=\"og:title\" content=\"Blooms - L\u00c9NOUF\" \/>\n<meta property=\"og:description\" content=\"Enchanting Floral Splendor from L\u00e9nouf  Dive into the lush world of Blooms, a fragrance infused with the enchanting aromas of nature. At L\u00e9nouf we have carefully selected the finest fragrance notes to create a floral... create a symphony that enchants your senses.  Floral Enchantment: Blooms opens like a blossoming garden, where the refined notes of roses, lilies and violets come together to form an enchanting bouquet. The floral notes bring a harmonious balance, creating an aura of freshness and elegance.  Chosen from Nature: At L\u00e9nouf we believe in the power of nature. The fragrance notes of Blooms have been carefully chosen from nature, where only the very best ingredients are part of this lush scent. Every note contributes to the pure, natural beauty of Blooms.  A Floral Symphony: Blooms is more than a fragrance; it is a symphony of flowers that come together to create an enchanting melody. This fragrance takes you on a journey through a blooming garden, where every note tells a story of beauty and grace. Let yourself be embraced by the floral splendor of Blooms, a fragrance that captures the essence of natural beauty. Experience the enchantment of nature with L\u00e9nouf.\" \/>\n<meta property=\"og:url\" content=\"https:\/\/lenouf.com\/fr\/produit\/blooms\/\" \/>\n<meta property=\"og:site_name\" content=\"L\u00c9NOUF\" \/>\n<meta property=\"article:modified_time\" content=\"2024-11-25T08:24:42+00:00\" \/>\n<meta property=\"og:image\" content=\"https:\/\/lenouf.com\/wp-content\/uploads\/2023\/12\/LeNouf-Blooms-2.jpg\" \/>\n\t<meta property=\"og:image:width\" content=\"1500\" \/>\n\t<meta property=\"og:image:height\" content=\"1500\" \/>\n\t<meta property=\"og:image:type\" content=\"image\/jpeg\" \/>\n<meta name=\"twitter:card\" content=\"summary_large_image\" \/>\n<meta name=\"twitter:label1\" content=\"Dur\u00e9e de lecture estim\u00e9e\" \/>\n\t<meta name=\"twitter:data1\" content=\"2 minutes\" \/>\n<script type=\"application\/ld+json\" class=\"yoast-schema-graph\">{\"@context\":\"https:\/\/schema.org\",\"@graph\":[{\"@type\":\"WebPage\",\"@id\":\"https:\/\/lenouf.com\/product\/blooms\/\",\"url\":\"https:\/\/lenouf.com\/product\/blooms\/\",\"name\":\"Blooms - L\u00c9NOUF\",\"isPartOf\":{\"@id\":\"https:\/\/lenouf.com\/#website\"},\"primaryImageOfPage\":{\"@id\":\"https:\/\/lenouf.com\/product\/blooms\/#primaryimage\"},\"image\":{\"@id\":\"https:\/\/lenouf.com\/product\/blooms\/#primaryimage\"},\"thumbnailUrl\":\"https:\/\/lenouf.com\/wp-content\/uploads\/2023\/12\/LeNouf-Blooms-2.jpg\",\"datePublished\":\"2023-12-04T18:36:17+00:00\",\"dateModified\":\"2024-11-25T08:24:42+00:00\",\"breadcrumb\":{\"@id\":\"https:\/\/lenouf.com\/product\/blooms\/#breadcrumb\"},\"inLanguage\":\"fr-FR\",\"potentialAction\":[{\"@type\":\"ReadAction\",\"target\":[\"https:\/\/lenouf.com\/product\/blooms\/\"]}]},{\"@type\":\"ImageObject\",\"inLanguage\":\"fr-FR\",\"@id\":\"https:\/\/lenouf.com\/product\/blooms\/#primaryimage\",\"url\":\"https:\/\/lenouf.com\/wp-content\/uploads\/2023\/12\/LeNouf-Blooms-2.jpg\",\"contentUrl\":\"https:\/\/lenouf.com\/wp-content\/uploads\/2023\/12\/LeNouf-Blooms-2.jpg\",\"width\":1500,\"height\":1500},{\"@type\":\"BreadcrumbList\",\"@id\":\"https:\/\/lenouf.com\/product\/blooms\/#breadcrumb\",\"itemListElement\":[{\"@type\":\"ListItem\",\"position\":1,\"name\":\"Home\",\"item\":\"https:\/\/lenouf.com\/\"},{\"@type\":\"ListItem\",\"position\":2,\"name\":\"Store\",\"item\":\"https:\/\/lenouf.com\/store\/\"},{\"@type\":\"ListItem\",\"position\":3,\"name\":\"Blooms\"}]},{\"@type\":\"WebSite\",\"@id\":\"https:\/\/lenouf.com\/#website\",\"url\":\"https:\/\/lenouf.com\/\",\"name\":\"L\u00c9NOUF\",\"description\":\"\",\"potentialAction\":[{\"@type\":\"SearchAction\",\"target\":{\"@type\":\"EntryPoint\",\"urlTemplate\":\"https:\/\/lenouf.com\/?s={search_term_string}\"},\"query-input\":{\"@type\":\"PropertyValueSpecification\",\"valueRequired\":true,\"valueName\":\"search_term_string\"}}],\"inLanguage\":\"fr-FR\"}]}<\/script>\n<!-- \/ Yoast SEO plugin. -->","yoast_head_json":{"title":"Blooms - L\u00c9NOUF","robots":{"index":"index","follow":"follow","max-snippet":"max-snippet:-1","max-image-preview":"max-image-preview:large","max-video-preview":"max-video-preview:-1"},"canonical":"https:\/\/lenouf.com\/fr\/produit\/blooms\/","og_locale":"fr_FR","og_type":"article","og_title":"Blooms - L\u00c9NOUF","og_description":"Enchanting Floral Splendor from L\u00e9nouf  Dive into the lush world of Blooms, a fragrance infused with the enchanting aromas of nature. At L\u00e9nouf we have carefully selected the finest fragrance notes to create a floral... create a symphony that enchants your senses.  Floral Enchantment: Blooms opens like a blossoming garden, where the refined notes of roses, lilies and violets come together to form an enchanting bouquet. The floral notes bring a harmonious balance, creating an aura of freshness and elegance.  Chosen from Nature: At L\u00e9nouf we believe in the power of nature. The fragrance notes of Blooms have been carefully chosen from nature, where only the very best ingredients are part of this lush scent. Every note contributes to the pure, natural beauty of Blooms.  A Floral Symphony: Blooms is more than a fragrance; it is a symphony of flowers that come together to create an enchanting melody. This fragrance takes you on a journey through a blooming garden, where every note tells a story of beauty and grace. Let yourself be embraced by the floral splendor of Blooms, a fragrance that captures the essence of natural beauty. Experience the enchantment of nature with L\u00e9nouf.","og_url":"https:\/\/lenouf.com\/fr\/produit\/blooms\/","og_site_name":"L\u00c9NOUF","article_modified_time":"2024-11-25T08:24:42+00:00","og_image":[{"width":1500,"height":1500,"url":"https:\/\/lenouf.com\/wp-content\/uploads\/2023\/12\/LeNouf-Blooms-2.jpg","type":"image\/jpeg"}],"twitter_card":"summary_large_image","twitter_misc":{"Dur\u00e9e de lecture estim\u00e9e":"2 minutes"},"schema":{"@context":"https:\/\/schema.org","@graph":[{"@type":"WebPage","@id":"https:\/\/lenouf.com\/product\/blooms\/","url":"https:\/\/lenouf.com\/product\/blooms\/","name":"Blooms - L\u00c9NOUF","isPartOf":{"@id":"https:\/\/lenouf.com\/#website"},"primaryImageOfPage":{"@id":"https:\/\/lenouf.com\/product\/blooms\/#primaryimage"},"image":{"@id":"https:\/\/lenouf.com\/product\/blooms\/#primaryimage"},"thumbnailUrl":"https:\/\/lenouf.com\/wp-content\/uploads\/2023\/12\/LeNouf-Blooms-2.jpg","datePublished":"2023-12-04T18:36:17+00:00","dateModified":"2024-11-25T08:24:42+00:00","breadcrumb":{"@id":"https:\/\/lenouf.com\/product\/blooms\/#breadcrumb"},"inLanguage":"fr-FR","potentialAction":[{"@type":"ReadAction","target":["https:\/\/lenouf.com\/product\/blooms\/"]}]},{"@type":"ImageObject","inLanguage":"fr-FR","@id":"https:\/\/lenouf.com\/product\/blooms\/#primaryimage","url":"https:\/\/lenouf.com\/wp-content\/uploads\/2023\/12\/LeNouf-Blooms-2.jpg","contentUrl":"https:\/\/lenouf.com\/wp-content\/uploads\/2023\/12\/LeNouf-Blooms-2.jpg","width":1500,"height":1500},{"@type":"BreadcrumbList","@id":"https:\/\/lenouf.com\/product\/blooms\/#breadcrumb","itemListElement":[{"@type":"ListItem","position":1,"name":"Home","item":"https:\/\/lenouf.com\/"},{"@type":"ListItem","position":2,"name":"Store","item":"https:\/\/lenouf.com\/store\/"},{"@type":"ListItem","position":3,"name":"Blooms"}]},{"@type":"WebSite","@id":"https:\/\/lenouf.com\/#website","url":"https:\/\/lenouf.com\/","name":"L\u00c9NOUF","description":"","potentialAction":[{"@type":"SearchAction","target":{"@type":"EntryPoint","urlTemplate":"https:\/\/lenouf.com\/?s={search_term_string}"},"query-input":{"@type":"PropertyValueSpecification","valueRequired":true,"valueName":"search_term_string"}}],"inLanguage":"fr-FR"}]}},"_links":{"self":[{"href":"https:\/\/lenouf.com\/fr\/wp-json\/wp\/v2\/product\/100131","targetHints":{"allow":["GET"]}}],"collection":[{"href":"https:\/\/lenouf.com\/fr\/wp-json\/wp\/v2\/product"}],"about":[{"href":"https:\/\/lenouf.com\/fr\/wp-json\/wp\/v2\/types\/product"}],"replies":[{"embeddable":true,"href":"https:\/\/lenouf.com\/fr\/wp-json\/wp\/v2\/comments?post=100131"}],"wp:featuredmedia":[{"embeddable":true,"href":"https:\/\/lenouf.com\/fr\/wp-json\/wp\/v2\/media\/100476"}],"wp:attachment":[{"href":"https:\/\/lenouf.com\/fr\/wp-json\/wp\/v2\/media?parent=100131"}],"wp:term":[{"taxonomy":"product_brand","embeddable":true,"href":"https:\/\/lenouf.com\/fr\/wp-json\/wp\/v2\/product_brand?post=100131"},{"taxonomy":"product_cat","embeddable":true,"href":"https:\/\/lenouf.com\/fr\/wp-json\/wp\/v2\/product_cat?post=100131"},{"taxonomy":"product_tag","embeddable":true,"href":"https:\/\/lenouf.com\/fr\/wp-json\/wp\/v2\/product_tag?post=100131"}],"curies":[{"name":"wp","href":"https:\/\/api.w.org\/{rel}","templated":true}]}}