{"id":98035,"date":"2023-01-09T05:44:01","date_gmt":"2023-01-09T05:44:01","guid":{"rendered":"https:\/\/divi.pixelsbuilderplus.com\/divi-themes\/demowoo\/?page_id=3"},"modified":"2023-12-21T09:11:11","modified_gmt":"2023-12-21T09:11:11","slug":"privacy-policy","status":"publish","type":"page","link":"https:\/\/lenouf.com\/fr\/privacy-policy\/","title":{"rendered":"Politique de confidentialit\u00e9"},"content":{"rendered":"<p>[et_pb_section fb_built=\"1\u2033 custom_padding_last_edited=\"on|phone\" admin_label=\"Inner Banner Section\" module_class=\"px_page_title\" _builder_version=\"4.23.1\u2033 _module_preset=\"default\" background_image=\"https:\/\/lenouf.com\/wp-content\/uploads\/2023\/12\/Homebanner.webp\" custom_margin=\"||||false|false\" custom_padding=\"100px||100px||true|false\" custom_padding_tablet=\"60px||60px|true|false\" custom_padding_phone=\"20px||20px|true|false\" top_divider_color=\"#FFFFFF\" top_divider_height=\"0px\" top_divider_height_tablet=\"\" top_divider_height_phone=\"30px\" top_divider_height_last_edited=\"on|tablet\" bottom_divider_style=\"waves\" bottom_divider_color=\"#F0EBE4\u2033 bottom_divider_height=\"80px\" bottom_divider_flip=\"vertical\" bottom_divider_height_tablet=\"60px\" bottom_divider_height_phone=\"30px\" bottom_divider_height_last_edited=\"on|phone\" global_module=\"100262\u2033 locked=\"off\" global_colors_info=\"{}\"][et_pb_row admin_label=\"Inner Banner Row\" _builder_version=\"4.18.0\u2033 _module_preset=\"default\" global_colors_info=\"{}\"][et_pb_column type=\"4_4\u2033 _builder_version=\"4.18.0\u2033 _module_preset=\"default\" global_colors_info=\"{}\"][et_pb_text admin_label=\"Texte du titre\" module_class=\"px_page_title_name\" _builder_version=\"4.23.1\u2033 _dynamic_attributes=\"content\" _module_preset=\"default\" global_colors_info=\"{}\"]@ET-DC@eyJkeW5hbWljIjp0cnVlCJb250ZW50IjoicG9zdF90aXRsZSIsInNldHRpbdzIjp7ImJlZm9yZSI6IsImFmdGVyIjoiIn19@[\/et_pb_text][\/et_pb_column][\/et_pb_row][et_pb_row admin_label=\"Inner Banner Row\" module_class=\"px_page_title_row\" _builder_version=\"4.21.0\u2033 _module_preset=\"default\" global_colors_info=\"{}\"][et_pb_column type=\"4_4\u2033 module_class=\"px_page_title_column\" _builder_version=\"4.18.0\u2033 _module_preset=\"default\" global_colors_info=\"{}\"][et_pb_text _builder_version=\"4.23.1\u2033 _module_preset=\"default\" global_colors_info=\"{}\"]<ul id=\"dpprof_breadcrumbs\" class=\"dpprof_breadcrumbs\"><li class=\"item-home\"><a class=\"bread-link bread-home\" href=\"https:\/\/lenouf.com\/fr\" title=\"Home\">Home<\/a><\/li><li class=\"separator separator-home\"> \/ <\/li><\/ul>[\/et_pb_text][\/et_pb_column][\/et_pb_row][\/et_pb_section][et_pb_section fb_built=\"1\u2033 _builder_version=\"4.23.1\u2033 _module_preset=\"default\" background_color=\"#F0EBE4\u2033 custom_padding=\"0px||0px|false|false\" locked=\"off\" collapsed=\"off\" global_colors_info=\"{}\"][et_pb_row _builder_version=\"4.23.1\u2033 _module_preset=\"default\" width_tablet=\"90%\" width_phone=\"90%\" width_last_edited=\"on|tablet\" max_width_tablet=\"90%\" max_width_phone=\"90%\" max_width_last_edited=\"on|tablet\" hover_enabled=\"0\u2033 collapsed=\"off\" global_colors_info=\"{}\" sticky_enabled=\"0\u2033][et_pb_column type=\"4_4\u2033 _builder_version=\"4.18.0\u2033 _module_preset=\"default\" global_colors_info=\"{}\"][et_pb_text admin_label=\"Texte du titre\" module_class=\"px_title\" _builder_version=\"4.18.0\u2033 _module_preset=\"default\" header_3_font=\"|600|||||||\" header_3_text_color=\"#2020\u2033 header_3_font_size=\"32px\" header_3_line_height=\"1.2em\" text_orientation=\"center\" header_3_font_size_tablet=\"32px\" header_3_font_size_phone=\"26px\" header_3_font_size_last_edited=\"on|phone\" global_colors_info=\"{}\"]<\/p>\n<h2>Politique de confidentialit\u00e9<\/h2>\n<p>[\/et_pb_text][et_pb_icon font_icon=\"\uf5bd||fa||900\u2033 icon_width=\"35px\" admin_label=\"Ic\u00f4ne de soulignement d'en-t\u00eate\" module_class=\"px_heading_underline\" _builder_version=\"4.18.0\u2033 _module_preset=\"default\" global_colors_info=\"{}\"][\/et_pb_icon][et_pb_text module_class=\"px_desc\" _builder_version=\"4.23.1\u2033 _module_preset=\"default\" hover_enabled=\"0\u2033 locked=\"off\" global_colors_info=\"{}\" sticky_enabled=\"0\u2033]<\/p>\n<h2>Protection des donn\u00e9es personnelles :<\/h2>\n<p>Lenouf, 92246486 est situ\u00e9 aux Pays-Bas, Paardeweide 3E 4824 EH Breda.<br \/>d\u00e9clare que toutes les donn\u00e9es personnelles (ci-apr\u00e8s d\u00e9nomm\u00e9es \"donn\u00e9es\") sont consid\u00e9r\u00e9es comme strictement confidentielles<br \/>et sont trait\u00e9es conform\u00e9ment aux dispositions l\u00e9gales en vigueur en mati\u00e8re de protection des donn\u00e9es<br \/>des donn\u00e9es \u00e0 caract\u00e8re personnel.<\/p>\n<h2>Quelles sont les informations que nous recueillons ?<\/h2>\n<p>Nous recueillons des informations aupr\u00e8s de vous lorsque vous visitez notre site web, que vous vous inscrivez sur notre site, que vous passez une commande,<br \/>vous vous inscrivez \u00e0 notre bulletin d'information, r\u00e9pondez \u00e0 une enqu\u00eate ou remplissez un formulaire.<\/p>\n<ul>\n<li>Nom \/ Nom d'utilisateur<\/li>\n<li>Num\u00e9ros de t\u00e9l\u00e9phone<\/li>\n<li>Adresses \u00e9lectroniques<\/li>\n<li>Adresses postales<\/li>\n<li>Adresses de facturation<\/li>\n<\/ul>\n<h2>Comment utilisons-nous les informations que nous recueillons ?<\/h2>\n<p>Toute information que nous recueillons aupr\u00e8s de vous peut \u00eatre utilis\u00e9e de l'une des mani\u00e8res suivantes :<\/p>\n<p>Pour personnaliser votre exp\u00e9rience (vos informations nous aident \u00e0 mieux r\u00e9pondre \u00e0 vos besoins individuels)<br \/>Pour am\u00e9liorer notre site web (nous nous effor\u00e7ons continuellement d'am\u00e9liorer l'offre de notre site web sur la base des informations fournies).<br \/>et les commentaires que nous recevons de votre part) Am\u00e9liorer le service \u00e0 la client\u00e8le (vos informations nous aident \u00e0 r\u00e9pondre plus efficacement \u00e0 vos demandes de renseignements).<br \/>les demandes de service \u00e0 la client\u00e8le et les besoins d'assistance) Traiter les transactions<\/p>\n<h2>Partageons-nous les informations que nous recueillons avec des tiers ?<\/h2>\n<p>Nous pouvons partager les informations que nous recueillons, qu'elles soient personnelles ou non, avec des tiers tels que des annonceurs, des sponsors de concours, des partenaires promotionnels et marketing et d'autres personnes qui fournissent notre contenu ou dont nous pensons que les produits ou services peuvent vous int\u00e9resser. Nous pouvons \u00e9galement partager ces informations avec nos affili\u00e9s et partenaires commerciaux actuels et futurs, et si nous sommes impliqu\u00e9s dans une fusion, une vente d'actifs ou une autre r\u00e9organisation d'entreprise, nous pouvons \u00e9galement partager ou transf\u00e9rer vos informations personnelles et non personnelles \u00e0 nos successeurs. -Nous pouvons engager des prestataires de services tiers de confiance pour ex\u00e9cuter des fonctions et nous fournir des services, tels que l'h\u00e9bergement et la maintenance de nos serveurs et du site web, le stockage et la gestion des bases de donn\u00e9es, la gestion des courriers \u00e9lectroniques, le marketing de stockage, le traitement des cartes de cr\u00e9dit, le service client\u00e8le et les commandes de produits et de services que vous pouvez acheter par le biais du site web. Nous partagerons probablement vos informations personnelles, et \u00e9ventuellement certaines informations non personnelles, avec ces tiers afin qu'ils puissent fournir ces services pour nous et pour vous. Nous pouvons partager des parties des donn\u00e9es de nos fichiers journaux, y compris les adresses IP, \u00e0 des fins d'analyse avec des tiers, tels que des partenaires d'analyse web, des d\u00e9veloppeurs d'applications et des r\u00e9seaux publicitaires. Si votre adresse IP est partag\u00e9e, elle peut \u00eatre utilis\u00e9e pour estimer la localisation g\u00e9n\u00e9rale et d'autres donn\u00e9es technologiques, telles que la vitesse de connexion, le fait que vous ayez visit\u00e9 le site web \u00e0 partir d'un lieu partag\u00e9 et le type d'appareil utilis\u00e9 pour visiter le site web. Ils peuvent collecter des informations sur notre publicit\u00e9 et sur ce que vous voyez sur le site web, puis fournir des audits, des recherches et des rapports pour nous et nos annonceurs. Nous pouvons \u00e9galement divulguer des informations personnelles et non personnelles vous concernant \u00e0 des repr\u00e9sentants du gouvernement ou des forces de l'ordre ou \u00e0 des parties priv\u00e9es si nous le jugeons n\u00e9cessaire ou appropri\u00e9, \u00e0 notre seule discr\u00e9tion, pour r\u00e9pondre \u00e0 des r\u00e9clamations, \u00e0 des proc\u00e9dures judiciaires (y compris des citations \u00e0 compara\u00eetre), pour prot\u00e9ger nos droits et int\u00e9r\u00eats ou ceux d'un tiers, la s\u00e9curit\u00e9 du public ou de toute personne, pour pr\u00e9venir ou arr\u00eater des activit\u00e9s ill\u00e9gales, contraires \u00e0 l'\u00e9thique ou pouvant donner lieu \u00e0 une action en justice, ou pour nous conformer \u00e0 des d\u00e9cisions de justice, des lois, des r\u00e8gles et des r\u00e9glementations en vigueur.<\/p>\n<h2>S\u00e9curit\u00e9<\/h2>\n<p>Les donn\u00e9es personnelles que nous avons collect\u00e9es \u00e0 votre sujet et que nous traitons nous sont envoy\u00e9es crypt\u00e9es \u00e0 l'aide du syst\u00e8me de cryptage SSL (secure socket layer). Ce syst\u00e8me garantit la s\u00e9curit\u00e9 de vos donn\u00e9es personnelles pendant la communication entre votre navigateur et notre serveur. Nous s\u00e9curisons notre site web et les autres syst\u00e8mes avec lesquels nous travaillons par des mesures techniques et organisationnelles appropri\u00e9es contre la perte et la destruction de vos donn\u00e9es personnelles, ainsi que contre l'acc\u00e8s par des personnes non autoris\u00e9es \u00e0 vos donn\u00e9es personnelles, leur modification ou leur diffusion.<\/p>\n<p>Nous am\u00e9liorons continuellement cette s\u00e9curit\u00e9, tout en demandant \u00e0 nos sous-traitants la preuve que les syst\u00e8mes qu'ils utilisent sont conformes au GDPR.<\/p>\n<p>Lorsque vous vous inscrivez, l'acc\u00e8s \u00e0 votre compte client n'est possible qu'apr\u00e8s avoir introduit le mot de passe que vous avez choisi. Nous n'avons pas acc\u00e8s \u00e0 votre mot de passe car nous le stockons sous une forme crypt\u00e9e qui ne peut pas \u00eatre d\u00e9crypt\u00e9e, m\u00eame par nous.<\/p>\n<p>Nous attirons notamment votre attention sur le fait qu'il est essentiel de ne pas communiquer vos donn\u00e9es de connexion \u00e0 des tiers. Nous vous recommandons de vous d\u00e9connecter lorsque vous avez fini d'utiliser votre compte client, surtout si vous partagez l'appareil avec d'autres utilisateurs. Nous ne sommes pas responsables de l'utilisation abusive de votre mot de passe, \u00e0 moins que nous ne soyons directement \u00e0 l'origine de la situation.<\/p>\n<h2>Si vous nous contactez via la ligne client ou les r\u00e9seaux sociaux<\/h2>\n<p>Si vous d\u00e9cidez de contacter notre service client\u00e8le par t\u00e9l\u00e9phone ou par courrier \u00e9lectronique, nous traitons principalement les conversations t\u00e9l\u00e9phoniques enregistr\u00e9es qui sont surveill\u00e9es, ainsi que les enregistrements des communications par courrier \u00e9lectronique. Si vous nous contactez au sujet de votre demande via notre site web ou notre profil sur des r\u00e9seaux sociaux s\u00e9lectionn\u00e9s, le traitement de vos donn\u00e9es personnelles est exclusivement soumis \u00e0 la politique de confidentialit\u00e9 de l'entreprise qui exploite le r\u00e9seau social en question.<\/p>\n<p>[\/et_pb_text][\/et_pb_column][\/et_pb_row][\/et_pb_section]<\/p>","protected":false},"excerpt":{"rendered":"<p><ul id=\"dpprof_breadcrumbs\" class=\"dpprof_breadcrumbs\"><li class=\"item-home\"><a class=\"bread-link bread-home\" href=\"https:\/\/lenouf.com\/fr\" title=\"Home\">Home<\/a><\/li><li class=\"separator separator-home\"> \/ <\/li><\/ul>Politique de confidentialit\u00e9Protection des donn\u00e9es personnelles : Lenouf, 92246486 est situ\u00e9 aux Pays-Bas, Paardeweide 3E 4824 EH Breda. d\u00e9clare que toutes les donn\u00e9es personnelles (ci-apr\u00e8s les donn\u00e9es) sont consid\u00e9r\u00e9es comme strictement confidentielles et sont trait\u00e9es conform\u00e9ment aux dispositions l\u00e9gales en vigueur en mati\u00e8re de protection des donn\u00e9es personnelles. Quelles sont les informations que nous recueillons ? Nous recueillons des informations lorsque vous visitez [...]<\/p>","protected":false},"author":1,"featured_media":0,"parent":0,"menu_order":0,"comment_status":"closed","ping_status":"closed","template":"","meta":{"_et_pb_use_builder":"on","_et_pb_old_content":"<!-- wp:heading --><h2>Who we are<\/h2><!-- \/wp:heading --><!-- wp:paragraph --><p><strong class=\"privacy-policy-tutorial\">Suggested text: <\/strong>Our website address is: https:\/\/divi.pixelsbuilderplus.com\/divi-themes\/demowoo.<\/p><!-- \/wp:paragraph --><!-- wp:heading --><h2>Comments<\/h2><!-- \/wp:heading --><!-- wp:paragraph --><p><strong class=\"privacy-policy-tutorial\">Suggested text: <\/strong>When visitors leave comments on the site we collect the data shown in the comments form, and also the visitor\u2019s IP address and browser user agent string to help spam detection.<\/p><!-- \/wp:paragraph --><!-- wp:paragraph --><p>An anonymized string created from your email address (also called a hash) may be provided to the Gravatar service to see if you are using it. The Gravatar service privacy policy is available here: https:\/\/automattic.com\/privacy\/. After approval of your comment, your profile picture is visible to the public in the context of your comment.<\/p><!-- \/wp:paragraph --><!-- wp:heading --><h2>Media<\/h2><!-- \/wp:heading --><!-- wp:paragraph --><p><strong class=\"privacy-policy-tutorial\">Suggested text: <\/strong>If you upload images to the website, you should avoid uploading images with embedded location data (EXIF GPS) included. Visitors to the website can download and extract any location data from images on the website.<\/p><!-- \/wp:paragraph --><!-- wp:heading --><h2>Cookies<\/h2><!-- \/wp:heading --><!-- wp:paragraph --><p><strong class=\"privacy-policy-tutorial\">Suggested text: <\/strong>If you leave a comment on our site you may opt-in to saving your name, email address and website in cookies. These are for your convenience so that you do not have to fill in your details again when you leave another comment. These cookies will last for one year.<\/p><!-- \/wp:paragraph --><!-- wp:paragraph --><p>If you visit our login page, we will set a temporary cookie to determine if your browser accepts cookies. This cookie contains no personal data and is discarded when you close your browser.<\/p><!-- \/wp:paragraph --><!-- wp:paragraph --><p>When you log in, we will also set up several cookies to save your login information and your screen display choices. Login cookies last for two days, and screen options cookies last for a year. If you select \"Remember Me\", your login will persist for two weeks. If you log out of your account, the login cookies will be removed.<\/p><!-- \/wp:paragraph --><!-- wp:paragraph --><p>If you edit or publish an article, an additional cookie will be saved in your browser. This cookie includes no personal data and simply indicates the post ID of the article you just edited. It expires after 1 day.<\/p><!-- \/wp:paragraph --><!-- wp:heading --><h2>Embedded content from other websites<\/h2><!-- \/wp:heading --><!-- wp:paragraph --><p><strong class=\"privacy-policy-tutorial\">Suggested text: <\/strong>Articles on this site may include embedded content (e.g. videos, images, articles, etc.). Embedded content from other websites behaves in the exact same way as if the visitor has visited the other website.<\/p><!-- \/wp:paragraph --><!-- wp:paragraph --><p>These websites may collect data about you, use cookies, embed additional third-party tracking, and monitor your interaction with that embedded content, including tracking your interaction with the embedded content if you have an account and are logged in to that website.<\/p><!-- \/wp:paragraph --><!-- wp:heading --><h2>Who we share your data with<\/h2><!-- \/wp:heading --><!-- wp:paragraph --><p><strong class=\"privacy-policy-tutorial\">Suggested text: <\/strong>If you request a password reset, your IP address will be included in the reset email.<\/p><!-- \/wp:paragraph --><!-- wp:heading --><h2>How long we retain your data<\/h2><!-- \/wp:heading --><!-- wp:paragraph --><p><strong class=\"privacy-policy-tutorial\">Suggested text: <\/strong>If you leave a comment, the comment and its metadata are retained indefinitely. This is so we can recognize and approve any follow-up comments automatically instead of holding them in a moderation queue.<\/p><!-- \/wp:paragraph --><!-- wp:paragraph --><p>For users that register on our website (if any), we also store the personal information they provide in their user profile. All users can see, edit, or delete their personal information at any time (except they cannot change their username). Website administrators can also see and edit that information.<\/p><!-- \/wp:paragraph --><!-- wp:heading --><h2>What rights you have over your data<\/h2><!-- \/wp:heading --><!-- wp:paragraph --><p><strong class=\"privacy-policy-tutorial\">Suggested text: <\/strong>If you have an account on this site, or have left comments, you can request to receive an exported file of the personal data we hold about you, including any data you have provided to us. You can also request that we erase any personal data we hold about you. This does not include any data we are obliged to keep for administrative, legal, or security purposes.<\/p><!-- \/wp:paragraph --><!-- wp:heading --><h2>Where your data is sent<\/h2><!-- \/wp:heading --><!-- wp:paragraph --><p><strong class=\"privacy-policy-tutorial\">Suggested text: <\/strong>Visitor comments may be checked through an automated spam detection service.<\/p><!-- \/wp:paragraph -->","_et_gb_content_width":"","footnotes":""},"class_list":["post-98035","page","type-page","status-publish","hentry"],"yoast_head":"<!-- This site is optimized with the Yoast SEO plugin v25.9 - https:\/\/yoast.com\/wordpress\/plugins\/seo\/ -->\n<title>Privacy Policy - L\u00c9NOUF<\/title>\n<meta name=\"robots\" content=\"index, follow, max-snippet:-1, max-image-preview:large, max-video-preview:-1\" \/>\n<link rel=\"canonical\" href=\"https:\/\/lenouf.com\/fr\/privacy-policy\/\" \/>\n<meta property=\"og:locale\" content=\"fr_FR\" \/>\n<meta property=\"og:type\" content=\"article\" \/>\n<meta property=\"og:title\" content=\"Privacy Policy - L\u00c9NOUF\" \/>\n<meta property=\"og:description\" content=\"Privacy policyProtection of personal data: Lenouf, 92246486 is located in the Netherlands, Paardeweide 3E 4824 EH Breda.Declares that all personal data (hereinafter data) are considered strictly confidentialand are processed in accordance with the valid legal provisions in data protection mattersof personal data. What information do we collect? We collect information from you when you visit [&hellip;]\" \/>\n<meta property=\"og:url\" content=\"https:\/\/lenouf.com\/fr\/privacy-policy\/\" \/>\n<meta property=\"og:site_name\" content=\"L\u00c9NOUF\" \/>\n<meta property=\"article:modified_time\" content=\"2023-12-21T09:11:11+00:00\" \/>\n<meta name=\"twitter:card\" content=\"summary_large_image\" \/>\n<meta name=\"twitter:label1\" content=\"Dur\u00e9e de lecture estim\u00e9e\" \/>\n\t<meta name=\"twitter:data1\" content=\"6 minutes\" \/>\n<script type=\"application\/ld+json\" class=\"yoast-schema-graph\">{\"@context\":\"https:\/\/schema.org\",\"@graph\":[{\"@type\":\"WebPage\",\"@id\":\"https:\/\/lenouf.com\/privacy-policy\/\",\"url\":\"https:\/\/lenouf.com\/privacy-policy\/\",\"name\":\"Privacy Policy - L\u00c9NOUF\",\"isPartOf\":{\"@id\":\"https:\/\/lenouf.com\/#website\"},\"datePublished\":\"2023-01-09T05:44:01+00:00\",\"dateModified\":\"2023-12-21T09:11:11+00:00\",\"breadcrumb\":{\"@id\":\"https:\/\/lenouf.com\/privacy-policy\/#breadcrumb\"},\"inLanguage\":\"fr-FR\",\"potentialAction\":[{\"@type\":\"ReadAction\",\"target\":[\"https:\/\/lenouf.com\/privacy-policy\/\"]}]},{\"@type\":\"BreadcrumbList\",\"@id\":\"https:\/\/lenouf.com\/privacy-policy\/#breadcrumb\",\"itemListElement\":[{\"@type\":\"ListItem\",\"position\":1,\"name\":\"Home\",\"item\":\"https:\/\/lenouf.com\/\"},{\"@type\":\"ListItem\",\"position\":2,\"name\":\"Privacy Policy\"}]},{\"@type\":\"WebSite\",\"@id\":\"https:\/\/lenouf.com\/#website\",\"url\":\"https:\/\/lenouf.com\/\",\"name\":\"L\u00c9NOUF\",\"description\":\"\",\"potentialAction\":[{\"@type\":\"SearchAction\",\"target\":{\"@type\":\"EntryPoint\",\"urlTemplate\":\"https:\/\/lenouf.com\/?s={search_term_string}\"},\"query-input\":{\"@type\":\"PropertyValueSpecification\",\"valueRequired\":true,\"valueName\":\"search_term_string\"}}],\"inLanguage\":\"fr-FR\"}]}<\/script>\n<!-- \/ Yoast SEO plugin. -->","yoast_head_json":{"title":"Politique de confidentialit\u00e9 - L\u00c9NOUF","robots":{"index":"index","follow":"follow","max-snippet":"max-snippet:-1","max-image-preview":"max-image-preview:large","max-video-preview":"max-video-preview:-1"},"canonical":"https:\/\/lenouf.com\/fr\/privacy-policy\/","og_locale":"fr_FR","og_type":"article","og_title":"Privacy Policy - L\u00c9NOUF","og_description":"Privacy policyProtection of personal data: Lenouf, 92246486 is located in the Netherlands, Paardeweide 3E 4824 EH Breda.Declares that all personal data (hereinafter data) are considered strictly confidentialand are processed in accordance with the valid legal provisions in data protection mattersof personal data. What information do we collect? We collect information from you when you visit [&hellip;]","og_url":"https:\/\/lenouf.com\/fr\/privacy-policy\/","og_site_name":"L\u00c9NOUF","article_modified_time":"2023-12-21T09:11:11+00:00","twitter_card":"summary_large_image","twitter_misc":{"Dur\u00e9e de lecture estim\u00e9e":"6 minutes"},"schema":{"@context":"https:\/\/schema.org","@graph":[{"@type":"WebPage","@id":"https:\/\/lenouf.com\/privacy-policy\/","url":"https:\/\/lenouf.com\/privacy-policy\/","name":"Politique de confidentialit\u00e9 - L\u00c9NOUF","isPartOf":{"@id":"https:\/\/lenouf.com\/#website"},"datePublished":"2023-01-09T05:44:01+00:00","dateModified":"2023-12-21T09:11:11+00:00","breadcrumb":{"@id":"https:\/\/lenouf.com\/privacy-policy\/#breadcrumb"},"inLanguage":"fr-FR","potentialAction":[{"@type":"ReadAction","target":["https:\/\/lenouf.com\/privacy-policy\/"]}]},{"@type":"BreadcrumbList","@id":"https:\/\/lenouf.com\/privacy-policy\/#breadcrumb","itemListElement":[{"@type":"ListItem","position":1,"name":"Home","item":"https:\/\/lenouf.com\/"},{"@type":"ListItem","position":2,"name":"Privacy Policy"}]},{"@type":"WebSite","@id":"https:\/\/lenouf.com\/#website","url":"https:\/\/lenouf.com\/","name":"L\u00c9NOUF","description":"","potentialAction":[{"@type":"SearchAction","target":{"@type":"EntryPoint","urlTemplate":"https:\/\/lenouf.com\/?s={search_term_string}"},"query-input":{"@type":"PropertyValueSpecification","valueRequired":true,"valueName":"search_term_string"}}],"inLanguage":"fr-FR"}]}},"_links":{"self":[{"href":"https:\/\/lenouf.com\/fr\/wp-json\/wp\/v2\/pages\/98035","targetHints":{"allow":["GET"]}}],"collection":[{"href":"https:\/\/lenouf.com\/fr\/wp-json\/wp\/v2\/pages"}],"about":[{"href":"https:\/\/lenouf.com\/fr\/wp-json\/wp\/v2\/types\/page"}],"author":[{"embeddable":true,"href":"https:\/\/lenouf.com\/fr\/wp-json\/wp\/v2\/users\/1"}],"replies":[{"embeddable":true,"href":"https:\/\/lenouf.com\/fr\/wp-json\/wp\/v2\/comments?post=98035"}],"version-history":[{"count":0,"href":"https:\/\/lenouf.com\/fr\/wp-json\/wp\/v2\/pages\/98035\/revisions"}],"wp:attachment":[{"href":"https:\/\/lenouf.com\/fr\/wp-json\/wp\/v2\/media?parent=98035"}],"curies":[{"name":"wp","href":"https:\/\/api.w.org\/{rel}","templated":true}]}}