{"id":95623,"date":"2023-03-15T04:55:11","date_gmt":"2023-03-15T04:55:11","guid":{"rendered":"https:\/\/divi.pixelsbuilderplus.com\/divi-themes\/demowoo\/?page_id=101168"},"modified":"2023-12-21T13:34:19","modified_gmt":"2023-12-21T13:34:19","slug":"terms-of-payment","status":"publish","type":"page","link":"https:\/\/lenouf.com\/fr\/terms-of-payment\/","title":{"rendered":"Conditions de paiement"},"content":{"rendered":"<p>[et_pb_section fb_built=\"1\u2033 custom_padding_last_edited=\"on|phone\" admin_label=\"Inner Banner Section\" module_class=\"px_page_title\" _builder_version=\"4.23.1\u2033 _module_preset=\"default\" background_image=\"https:\/\/lenouf.com\/wp-content\/uploads\/2023\/12\/Homebanner.webp\" custom_margin=\"||||false|false\" custom_padding=\"100px||100px||true|false\" custom_padding_tablet=\"60px||60px|true|false\" custom_padding_phone=\"20px||20px|true|false\" top_divider_color=\"#FFFFFF\" top_divider_height=\"0px\" top_divider_height_tablet=\"\" top_divider_height_phone=\"30px\" top_divider_height_last_edited=\"on|tablet\" bottom_divider_style=\"waves\" bottom_divider_color=\"#F0EBE4\u2033 bottom_divider_height=\"80px\" bottom_divider_flip=\"vertical\" bottom_divider_height_tablet=\"60px\" bottom_divider_height_phone=\"30px\" bottom_divider_height_last_edited=\"on|phone\" global_module=\"100262\u2033 locked=\"off\" global_colors_info=\"{}\"][et_pb_row admin_label=\"Inner Banner Row\" _builder_version=\"4.18.0\u2033 _module_preset=\"default\" global_colors_info=\"{}\"][et_pb_column type=\"4_4\u2033 _builder_version=\"4.18.0\u2033 _module_preset=\"default\" global_colors_info=\"{}\"][et_pb_text admin_label=\"Texte du titre\" module_class=\"px_page_title_name\" _builder_version=\"4.23.1\u2033 _dynamic_attributes=\"content\" _module_preset=\"default\" global_colors_info=\"{}\"]@ET-DC@eyJkeW5hbWljIjp0cnVlCJb250ZW50IjoicG9zdF90aXRsZSIsInNldHRpbdzIjp7ImJlZm9yZSI6IsImFmdGVyIjoiIn19@[\/et_pb_text][\/et_pb_column][\/et_pb_row][et_pb_row admin_label=\"Inner Banner Row\" module_class=\"px_page_title_row\" _builder_version=\"4.21.0\u2033 _module_preset=\"default\" global_colors_info=\"{}\"][et_pb_column type=\"4_4\u2033 module_class=\"px_page_title_column\" _builder_version=\"4.18.0\u2033 _module_preset=\"default\" global_colors_info=\"{}\"][et_pb_text _builder_version=\"4.23.1\u2033 _module_preset=\"default\" global_colors_info=\"{}\"]<ul id=\"dpprof_breadcrumbs\" class=\"dpprof_breadcrumbs\"><li class=\"item-home\"><a class=\"bread-link bread-home\" href=\"https:\/\/lenouf.com\/fr\" title=\"Home\">Home<\/a><\/li><li class=\"separator separator-home\"> \/ <\/li><\/ul>[\/et_pb_text][\/et_pb_column][\/et_pb_row][\/et_pb_section][et_pb_section fb_built=&#8221;1&#8243; _builder_version=&#8221;4.23.1&#8243; _module_preset=&#8221;default&#8221; background_color=&#8221;#F0EBE4&#8243; custom_padding=&#8221;0px||0px||true|false&#8221; locked=&#8221;off&#8221; global_colors_info=&#8221;{}&#8221;][et_pb_row _builder_version=&#8221;4.21.0&#8243; _module_preset=&#8221;default&#8221; width_tablet=&#8221;90%&#8221; width_phone=&#8221;90%&#8221; width_last_edited=&#8221;on|tablet&#8221; max_width_tablet=&#8221;90%&#8221; max_width_phone=&#8221;90%&#8221; max_width_last_edited=&#8221;on|tablet&#8221; collapsed=&#8221;off&#8221; global_colors_info=&#8221;{}&#8221;][et_pb_column type=&#8221;4_4&#8243; _builder_version=&#8221;4.18.0&#8243; _module_preset=&#8221;default&#8221; global_colors_info=&#8221;{}&#8221;][et_pb_text admin_label=&#8221;Title Text&#8221; module_class=&#8221;px_title&#8221; _builder_version=&#8221;4.23.1&#8243; _module_preset=&#8221;default&#8221; header_3_font=&#8221;|600|||||||&#8221; header_3_text_color=&#8221;#202020&#8243; header_3_font_size=&#8221;32px&#8221; header_3_line_height=&#8221;1.2em&#8221; text_orientation=&#8221;center&#8221; hover_enabled=&#8221;0&#8243; header_3_font_size_tablet=&#8221;32px&#8221; header_3_font_size_phone=&#8221;26px&#8221; header_3_font_size_last_edited=&#8221;on|phone&#8221; global_colors_info=&#8221;{}&#8221; sticky_enabled=&#8221;0&#8243;]<\/p>\n<h2>Conditions de paiement<\/h2>\n<p>[\/et_pb_text][et_pb_icon font_icon=&#8221;&#xf5bd;||fa||900&#8243; icon_width=&#8221;35px&#8221; admin_label=&#8221;Heading Underline Icon&#8221; module_class=&#8221;px_heading_underline&#8221; _builder_version=&#8221;4.18.0&#8243; _module_preset=&#8221;default&#8221; global_colors_info=&#8221;{}&#8221;][\/et_pb_icon][et_pb_text module_class=&#8221;px_desc&#8221; _builder_version=&#8221;4.23.1&#8243; _module_preset=&#8221;default&#8221; hover_enabled=&#8221;0&#8243; global_colors_info=&#8221;{}&#8221; sticky_enabled=&#8221;0&#8243;]<\/p>\n<h2>iDEAL<\/h2>\n<p>Si vous avez effectu\u00e9 une vente, vous devez vous rendre sur le site web d'iDEAL, o\u00f9 vous pouvez obtenir une offre. Cette transaction est consid\u00e9r\u00e9e comme un vote. Nous vous rappelons \u00e9galement que nos m\u00e9diateurs n'ont aucun lien avec les donn\u00e9es de votre dossier. Toutes les d\u00e9clarations sont obligatoirement remises \u00e0 la banque.<\/p>\n<h2>Carte de cr\u00e9dit<\/h2>\n<p>Si une vente a \u00e9t\u00e9 d\u00e9clar\u00e9e, vous \u00eates invit\u00e9 \u00e0 vous rendre sur une passerelle d'\u00e9change voil\u00e9e, o\u00f9 vous pouvez obtenir les accords d'\u00e9change de droits d'auteur correspondants. Cette transaction est consid\u00e9r\u00e9e comme une obligation. Nous vous demandons \u00e9galement de veiller \u00e0 ce que nos m\u00e9diateurs n'aient aucun lien avec les donn\u00e9es de votre dossier. Toutes les d\u00e9clarations sont obligatoirement remises \u00e0 la banque.<\/p>\n<h2>PayPal<\/h2>\n<p>Si vous avez vendu un produit, vous serez redirig\u00e9 vers une passerelle PayPal confidentielle, o\u00f9 vous vous connecterez \u00e0 votre compte PayPal afin de recevoir le paiement. Nous vous informons \u00e9galement que Lenouf.com n'a aucun lien avec votre compte PayPal ou toute autre information relative \u00e0 votre compte PayPal.<\/p>\n<p>Pour que vous et Lenouf puissiez lutter contre la fraude, nous enverrons des articles \u00e0 l'adresse PayPal indiqu\u00e9e sur votre compte PayPal. Si vous ne savez pas si votre adresse est indiqu\u00e9e, nous vous invitons \u00e0 cliquer sur le lien PayPal indiqu\u00e9 et \u00e0 vous rendre sur le site afin de contr\u00f4ler si votre adresse est indiqu\u00e9e.<\/p>\n<p>[\/et_pb_text][\/et_pb_column][\/et_pb_row][\/et_pb_section]<\/p>","protected":false},"excerpt":{"rendered":"<p><ul id=\"dpprof_breadcrumbs\" class=\"dpprof_breadcrumbs\"><li class=\"item-home\"><a class=\"bread-link bread-home\" href=\"https:\/\/lenouf.com\/fr\" title=\"Home\">Home<\/a><\/li><li class=\"separator separator-home\"> \/ <\/li><\/ul>Terms of paymentiDEAL Nadat u een bestelling heeft geplaatst, wordt u doorgeleid naar de iDEAL website, waar u de betaling kan afronden. Deze betaling van de aankoopprijs wordt beschouwd als een voorschot. Wij willen u er ook op wijzen dat onze medewerkers geen toegang hebben tot de gegevens van uw kaart. Alle gegevens zijn uitsluitend [&hellip;]<\/p>","protected":false},"author":1,"featured_media":0,"parent":0,"menu_order":0,"comment_status":"closed","ping_status":"closed","template":"","meta":{"_et_pb_use_builder":"on","_et_pb_old_content":"","_et_gb_content_width":"","footnotes":""},"class_list":["post-95623","page","type-page","status-publish","hentry"],"yoast_head":"<!-- This site is optimized with the Yoast SEO plugin v25.9 - https:\/\/yoast.com\/wordpress\/plugins\/seo\/ -->\n<title>Terms of Payment - L\u00c9NOUF<\/title>\n<meta name=\"robots\" content=\"index, follow, max-snippet:-1, max-image-preview:large, max-video-preview:-1\" \/>\n<link rel=\"canonical\" href=\"https:\/\/lenouf.com\/fr\/terms-of-payment\/\" \/>\n<meta property=\"og:locale\" content=\"fr_FR\" \/>\n<meta property=\"og:type\" content=\"article\" \/>\n<meta property=\"og:title\" content=\"Terms of Payment - L\u00c9NOUF\" \/>\n<meta property=\"og:description\" content=\"Terms of paymentiDEAL Nadat u een bestelling heeft geplaatst, wordt u doorgeleid naar de iDEAL website, waar u de betaling kan afronden. Deze betaling van de aankoopprijs wordt beschouwd als een voorschot. Wij willen u er ook op wijzen dat onze medewerkers geen toegang hebben tot de gegevens van uw kaart. Alle gegevens zijn uitsluitend [&hellip;]\" \/>\n<meta property=\"og:url\" content=\"https:\/\/lenouf.com\/fr\/terms-of-payment\/\" \/>\n<meta property=\"og:site_name\" content=\"L\u00c9NOUF\" \/>\n<meta property=\"article:modified_time\" content=\"2023-12-21T13:34:19+00:00\" \/>\n<meta name=\"twitter:card\" content=\"summary_large_image\" \/>\n<meta name=\"twitter:label1\" content=\"Dur\u00e9e de lecture estim\u00e9e\" \/>\n\t<meta name=\"twitter:data1\" content=\"3 minutes\" \/>\n<script type=\"application\/ld+json\" class=\"yoast-schema-graph\">{\"@context\":\"https:\/\/schema.org\",\"@graph\":[{\"@type\":\"WebPage\",\"@id\":\"https:\/\/lenouf.com\/terms-of-payment\/\",\"url\":\"https:\/\/lenouf.com\/terms-of-payment\/\",\"name\":\"Terms of Payment - L\u00c9NOUF\",\"isPartOf\":{\"@id\":\"https:\/\/lenouf.com\/#website\"},\"datePublished\":\"2023-03-15T04:55:11+00:00\",\"dateModified\":\"2023-12-21T13:34:19+00:00\",\"breadcrumb\":{\"@id\":\"https:\/\/lenouf.com\/terms-of-payment\/#breadcrumb\"},\"inLanguage\":\"fr-FR\",\"potentialAction\":[{\"@type\":\"ReadAction\",\"target\":[\"https:\/\/lenouf.com\/terms-of-payment\/\"]}]},{\"@type\":\"BreadcrumbList\",\"@id\":\"https:\/\/lenouf.com\/terms-of-payment\/#breadcrumb\",\"itemListElement\":[{\"@type\":\"ListItem\",\"position\":1,\"name\":\"Home\",\"item\":\"https:\/\/lenouf.com\/\"},{\"@type\":\"ListItem\",\"position\":2,\"name\":\"Terms of Payment\"}]},{\"@type\":\"WebSite\",\"@id\":\"https:\/\/lenouf.com\/#website\",\"url\":\"https:\/\/lenouf.com\/\",\"name\":\"L\u00c9NOUF\",\"description\":\"\",\"potentialAction\":[{\"@type\":\"SearchAction\",\"target\":{\"@type\":\"EntryPoint\",\"urlTemplate\":\"https:\/\/lenouf.com\/?s={search_term_string}\"},\"query-input\":{\"@type\":\"PropertyValueSpecification\",\"valueRequired\":true,\"valueName\":\"search_term_string\"}}],\"inLanguage\":\"fr-FR\"}]}<\/script>\n<!-- \/ Yoast SEO plugin. -->","yoast_head_json":{"title":"Terms of Payment - L\u00c9NOUF","robots":{"index":"index","follow":"follow","max-snippet":"max-snippet:-1","max-image-preview":"max-image-preview:large","max-video-preview":"max-video-preview:-1"},"canonical":"https:\/\/lenouf.com\/fr\/terms-of-payment\/","og_locale":"fr_FR","og_type":"article","og_title":"Terms of Payment - L\u00c9NOUF","og_description":"Terms of paymentiDEAL Nadat u een bestelling heeft geplaatst, wordt u doorgeleid naar de iDEAL website, waar u de betaling kan afronden. Deze betaling van de aankoopprijs wordt beschouwd als een voorschot. Wij willen u er ook op wijzen dat onze medewerkers geen toegang hebben tot de gegevens van uw kaart. Alle gegevens zijn uitsluitend [&hellip;]","og_url":"https:\/\/lenouf.com\/fr\/terms-of-payment\/","og_site_name":"L\u00c9NOUF","article_modified_time":"2023-12-21T13:34:19+00:00","twitter_card":"summary_large_image","twitter_misc":{"Dur\u00e9e de lecture estim\u00e9e":"3 minutes"},"schema":{"@context":"https:\/\/schema.org","@graph":[{"@type":"WebPage","@id":"https:\/\/lenouf.com\/terms-of-payment\/","url":"https:\/\/lenouf.com\/terms-of-payment\/","name":"Terms of Payment - L\u00c9NOUF","isPartOf":{"@id":"https:\/\/lenouf.com\/#website"},"datePublished":"2023-03-15T04:55:11+00:00","dateModified":"2023-12-21T13:34:19+00:00","breadcrumb":{"@id":"https:\/\/lenouf.com\/terms-of-payment\/#breadcrumb"},"inLanguage":"fr-FR","potentialAction":[{"@type":"ReadAction","target":["https:\/\/lenouf.com\/terms-of-payment\/"]}]},{"@type":"BreadcrumbList","@id":"https:\/\/lenouf.com\/terms-of-payment\/#breadcrumb","itemListElement":[{"@type":"ListItem","position":1,"name":"Home","item":"https:\/\/lenouf.com\/"},{"@type":"ListItem","position":2,"name":"Terms of Payment"}]},{"@type":"WebSite","@id":"https:\/\/lenouf.com\/#website","url":"https:\/\/lenouf.com\/","name":"L\u00c9NOUF","description":"","potentialAction":[{"@type":"SearchAction","target":{"@type":"EntryPoint","urlTemplate":"https:\/\/lenouf.com\/?s={search_term_string}"},"query-input":{"@type":"PropertyValueSpecification","valueRequired":true,"valueName":"search_term_string"}}],"inLanguage":"fr-FR"}]}},"_links":{"self":[{"href":"https:\/\/lenouf.com\/fr\/wp-json\/wp\/v2\/pages\/95623","targetHints":{"allow":["GET"]}}],"collection":[{"href":"https:\/\/lenouf.com\/fr\/wp-json\/wp\/v2\/pages"}],"about":[{"href":"https:\/\/lenouf.com\/fr\/wp-json\/wp\/v2\/types\/page"}],"author":[{"embeddable":true,"href":"https:\/\/lenouf.com\/fr\/wp-json\/wp\/v2\/users\/1"}],"replies":[{"embeddable":true,"href":"https:\/\/lenouf.com\/fr\/wp-json\/wp\/v2\/comments?post=95623"}],"version-history":[{"count":0,"href":"https:\/\/lenouf.com\/fr\/wp-json\/wp\/v2\/pages\/95623\/revisions"}],"wp:attachment":[{"href":"https:\/\/lenouf.com\/fr\/wp-json\/wp\/v2\/media?parent=95623"}],"curies":[{"name":"wp","href":"https:\/\/api.w.org\/{rel}","templated":true}]}}