{"id":95608,"date":"2023-03-15T11:12:31","date_gmt":"2023-03-15T11:12:31","guid":{"rendered":"https:\/\/divi.pixelsbuilderplus.com\/divi-themes\/demowoo\/?page_id=99987"},"modified":"2023-12-21T13:35:39","modified_gmt":"2023-12-21T13:35:39","slug":"return-policy","status":"publish","type":"page","link":"https:\/\/lenouf.com\/fr\/return-policy\/","title":{"rendered":"Politique de retour"},"content":{"rendered":"<p>[et_pb_section fb_built=\"1\u2033 custom_padding_last_edited=\"on|phone\" admin_label=\"Inner Banner Section\" module_class=\"px_page_title\" _builder_version=\"4.23.1\u2033 _module_preset=\"default\" background_image=\"https:\/\/lenouf.com\/wp-content\/uploads\/2023\/12\/Homebanner.webp\" custom_margin=\"||||false|false\" custom_padding=\"100px||100px||true|false\" custom_padding_tablet=\"60px||60px|true|false\" custom_padding_phone=\"20px||20px|true|false\" top_divider_color=\"#FFFFFF\" top_divider_height=\"0px\" top_divider_height_tablet=\"\" top_divider_height_phone=\"30px\" top_divider_height_last_edited=\"on|tablet\" bottom_divider_style=\"waves\" bottom_divider_color=\"#F0EBE4\u2033 bottom_divider_height=\"80px\" bottom_divider_flip=\"vertical\" bottom_divider_height_tablet=\"60px\" bottom_divider_height_phone=\"30px\" bottom_divider_height_last_edited=\"on|phone\" global_module=\"100262\u2033 locked=\"off\" global_colors_info=\"{}\"][et_pb_row admin_label=\"Inner Banner Row\" _builder_version=\"4.18.0\u2033 _module_preset=\"default\" global_colors_info=\"{}\"][et_pb_column type=\"4_4\u2033 _builder_version=\"4.18.0\u2033 _module_preset=\"default\" global_colors_info=\"{}\"][et_pb_text admin_label=\"Texte du titre\" module_class=\"px_page_title_name\" _builder_version=\"4.23.1\u2033 _dynamic_attributes=\"content\" _module_preset=\"default\" global_colors_info=\"{}\"]@ET-DC@eyJkeW5hbWljIjp0cnVlCJb250ZW50IjoicG9zdF90aXRsZSIsInNldHRpbdzIjp7ImJlZm9yZSI6IsImFmdGVyIjoiIn19@[\/et_pb_text][\/et_pb_column][\/et_pb_row][et_pb_row admin_label=\"Inner Banner Row\" module_class=\"px_page_title_row\" _builder_version=\"4.21.0\u2033 _module_preset=\"default\" global_colors_info=\"{}\"][et_pb_column type=\"4_4\u2033 module_class=\"px_page_title_column\" _builder_version=\"4.18.0\u2033 _module_preset=\"default\" global_colors_info=\"{}\"][et_pb_text _builder_version=\"4.23.1\u2033 _module_preset=\"default\" global_colors_info=\"{}\"]<ul id=\"dpprof_breadcrumbs\" class=\"dpprof_breadcrumbs\"><li class=\"item-home\"><a class=\"bread-link bread-home\" href=\"https:\/\/lenouf.com\/fr\" title=\"Home\">Home<\/a><\/li><li class=\"separator separator-home\"> \/ <\/li><\/ul>[\/et_pb_text][\/et_pb_column][\/et_pb_row][\/et_pb_section][et_pb_section fb_built=&#8221;1&#8243; _builder_version=&#8221;4.23.1&#8243; _module_preset=&#8221;default&#8221; background_color=&#8221;#F0EBE4&#8243; custom_padding=&#8221;0px||0px||true|false&#8221; locked=&#8221;off&#8221; collapsed=&#8221;off&#8221; global_colors_info=&#8221;{}&#8221;][et_pb_row _builder_version=&#8221;4.21.0&#8243; _module_preset=&#8221;default&#8221; width_tablet=&#8221;90%&#8221; width_phone=&#8221;90%&#8221; width_last_edited=&#8221;on|tablet&#8221; max_width_tablet=&#8221;90%&#8221; max_width_phone=&#8221;90%&#8221; max_width_last_edited=&#8221;on|tablet&#8221; collapsed=&#8221;off&#8221; global_colors_info=&#8221;{}&#8221;][et_pb_column type=&#8221;4_4&#8243; _builder_version=&#8221;4.18.0&#8243; _module_preset=&#8221;default&#8221; global_colors_info=&#8221;{}&#8221;][et_pb_text admin_label=&#8221;Title Text&#8221; module_class=&#8221;px_title&#8221; _builder_version=&#8221;4.23.1&#8243; _module_preset=&#8221;default&#8221; header_3_font=&#8221;|600|||||||&#8221; header_3_text_color=&#8221;#202020&#8243; header_3_font_size=&#8221;32px&#8221; header_3_line_height=&#8221;1.2em&#8221; text_orientation=&#8221;center&#8221; hover_enabled=&#8221;0&#8243; header_3_font_size_tablet=&#8221;32px&#8221; header_3_font_size_phone=&#8221;26px&#8221; header_3_font_size_last_edited=&#8221;on|phone&#8221; global_colors_info=&#8221;{}&#8221; sticky_enabled=&#8221;0&#8243;]<\/p>\n<h2>Politique de retour<\/h2>\n<p>[\/et_pb_text][et_pb_icon font_icon=&#8221;&#xf5bd;||fa||900&#8243; icon_width=&#8221;35px&#8221; admin_label=&#8221;Heading Underline Icon&#8221; module_class=&#8221;px_heading_underline&#8221; _builder_version=&#8221;4.18.0&#8243; _module_preset=&#8221;default&#8221; global_colors_info=&#8221;{}&#8221;][\/et_pb_icon][et_pb_text admin_label=&#8221;Text&#8221; module_class=&#8221;px_desc&#8221; _builder_version=&#8221;4.23.1&#8243; _module_preset=&#8221;default&#8221; hover_enabled=&#8221;0&#8243; global_colors_info=&#8221;{}&#8221; sticky_enabled=&#8221;0&#8243;]<\/p>\n<p>M\u00eame si le pourcentage de produits livr\u00e9s d\u00e9fectueux est extr\u00eamement faible, il est bon de savoir que nous traiterons rapidement les d\u00e9fauts \u00e9ventuels, afin que vous soyez finalement satisfait. Il est dans notre int\u00e9r\u00eat de r\u00e9soudre tous les probl\u00e8mes le plus rapidement possible, de sorte que vous n'ayez pas \u00e0 vous inqui\u00e9ter de devoir attendre inutilement (tout est g\u00e9n\u00e9ralement r\u00e9gl\u00e9 rapidement).<\/p>\n<h2>Quand puis-je renvoyer un article ?<\/h2>\n<p>Nous sommes responsables des d\u00e9fauts que les produits pr\u00e9sentent \u00e0 la livraison ou qui apparaissent au cours des 24 mois suivants. Toutefois, nous ne sommes pas responsables des nouveaux d\u00e9fauts, en particulier s'ils sont dus \u00e0 une utilisation inappropri\u00e9e. Pour les produits d'occasion, nous ne sommes pas responsables des signes d'utilisation ou d'usure que les produits d'occasion pr\u00e9sentaient d\u00e9j\u00e0 \u00e0 la livraison. Dans le cas de produits ayant une dur\u00e9e de vie limit\u00e9e, nous garantissons que ces produits peuvent \u00eatre utilis\u00e9s pendant toute leur dur\u00e9e.<\/p>\n<p>Nous rappelons aux clients qu'une sensibilit\u00e9 accrue ou une r\u00e9action allergique \u00e0 un produit livr\u00e9 ne peut \u00eatre consid\u00e9r\u00e9e comme un d\u00e9faut. De m\u00eame, les m\u00eames d\u00e9fauts avec des cadeaux ou autres produits gratuits dans votre commande ne peuvent \u00eatre consid\u00e9r\u00e9s comme justifiant un retour. Les images des produits figurant sur notre site Internet sont fournies \u00e0 titre d'illustration uniquement et ne constituent pas une repr\u00e9sentation contractuelle des propri\u00e9t\u00e9s de ces produits (par exemple, l'emballage peut \u00eatre diff\u00e9rent en raison d'une modification apport\u00e9e par le fabricant).<\/p>\n<h2>Quels sont vos droits en cas de retour ?<\/h2>\n<p>Si un produit pr\u00e9sente un d\u00e9faut, nous pouvons vous d\u00e9dommager sous la forme d'un bon d'achat. Vous avez \u00e9galement le droit d'exiger la r\u00e9paration du d\u00e9faut par un remplacement ou une r\u00e9paration.<\/p>\n<p>Si la r\u00e9paration du d\u00e9faut est impossible ou nous semble d\u00e9raisonnable, vous avez le droit de demander une remise sur le prix d'achat. Dans ce cas, vous conserverez le produit et nous vous rembourserons une partie du prix d'achat. Si le d\u00e9faut est important, vous pouvez r\u00e9silier le contrat d'achat. Dans ce cas, vous devez nous renvoyer les produits et nous vous rembourserons l'int\u00e9gralit\u00e9 du prix d'achat.<\/p>\n<h2>Comment puis-je renvoyer quelque chose ?<\/h2>\n<p>Si vous d\u00e9cidez de d\u00e9poser une plainte concernant les produits, <strong>veuillez l'envoyer \u00e0 l'adresse l\u00e9nouf- Paardeweide 3E, 4824EH Breda<\/strong>.<br \/>Nous vous informerons par courriel de l'\u00e9volution de la plainte, en particulier de son acceptation, de son traitement ou de son rejet, par courriel ou par SMS. Nous pouvons \u00e9galement vous contacter par t\u00e9l\u00e9phone.<\/p>\n<p>Nous prendrons une d\u00e9cision concernant votre retour sans d\u00e9lai. Le traitement d'un retour, y compris la r\u00e9solution du probl\u00e8me, ne prend g\u00e9n\u00e9ralement pas plus de 30 jours. Dans le cas contraire, vous avez le droit de r\u00e9silier le contrat d'achat. Afin de respecter le d\u00e9lai susmentionn\u00e9, vous devez nous apporter la collaboration n\u00e9cessaire.<\/p>\n<p>Nous vous informerons de l'\u00e9tat d'avancement du retour, notamment de sa r\u00e9ception et de son acceptation ou de son rejet, par courrier \u00e9lectronique. Nous pouvons \u00e9galement vous contacter par t\u00e9l\u00e9phone.<\/p>\n<p>Nous prendrons une d\u00e9cision concernant votre retour sans d\u00e9lai. Le traitement d'un retour, y compris la r\u00e9solution du probl\u00e8me, ne prend g\u00e9n\u00e9ralement pas plus de 30 jours. Dans le cas contraire, vous avez le droit de r\u00e9silier le contrat d'achat. Afin de respecter le d\u00e9lai susmentionn\u00e9, vous devez nous apporter la collaboration n\u00e9cessaire.<\/p>\n<h2>Coordonn\u00e9es de la personne \u00e0 contacter<\/h2>\n<p>Nous nous ferons un plaisir de r\u00e9pondre \u00e0 vos questions concernant les retours si vous nous contactez par courrier \u00e9lectronique \u00e0 l'adresse suivante <a href=\"mailto:support@lenouf.com\">support@lenouf.com<\/a> ou en appelant +31852738883.<\/p>\n<p>[\/et_pb_text][\/et_pb_column][\/et_pb_row][\/et_pb_section]<\/p>","protected":false},"excerpt":{"rendered":"<p><ul id=\"dpprof_breadcrumbs\" class=\"dpprof_breadcrumbs\"><li class=\"item-home\"><a class=\"bread-link bread-home\" href=\"https:\/\/lenouf.com\/fr\" title=\"Home\">Home<\/a><\/li><li class=\"separator separator-home\"> \/ <\/li><\/ul>Return policyEven though the percentage of delivered products that are defective is extremely minimal, it is good to know that we will deal with any defects quickly, so that you will ultimately be satisfied. It is in our own interest to resolve everything as quickly as possible, so you do not have to worry about [&hellip;]<\/p>","protected":false},"author":1,"featured_media":0,"parent":0,"menu_order":0,"comment_status":"closed","ping_status":"closed","template":"","meta":{"_et_pb_use_builder":"on","_et_pb_old_content":"<!-- wp:paragraph -->\r\n<p><b>This is a sample page.<\/b><\/p>\r\n<!-- \/wp:paragraph -->\r\n\r\n<!-- wp:paragraph -->\r\n<h3>Overview<\/h3>\r\n<!-- \/wp:paragraph -->\r\n\r\n<!-- wp:paragraph -->\r\n<p>Our refund and returns policy lasts 30 days. If 30 days have passed since your purchase, we can\u2019t offer you a full refund or exchange.<\/p>\r\n<!-- \/wp:paragraph -->\r\n\r\n<!-- wp:paragraph -->\r\n<p>To be eligible for a return, your item must be unused and in the same condition that you received it. It must also be in the original packaging.<\/p>\r\n<!-- \/wp:paragraph -->\r\n\r\n<!-- wp:paragraph -->\r\n<p>Several types of goods are exempt from being returned. Perishable goods such as food, flowers, newspapers or magazines cannot be returned. We also do not accept products that are intimate or sanitary goods, hazardous materials, or flammable liquids or gases.<\/p>\r\n<!-- \/wp:paragraph -->\r\n\r\n<!-- wp:paragraph -->\r\n<p>Additional non-returnable items:<\/p>\r\n<!-- \/wp:paragraph -->\r\n\r\n<!-- wp:list -->\r\n<ul>\r\n<li>Gift cards<\/li>\r\n<li>Downloadable software products<\/li>\r\n<li>Some health and personal care items<\/li>\r\n<\/ul>\r\n<!-- \/wp:list -->\r\n\r\n<!-- wp:paragraph -->\r\n<p>To complete your return, we require a receipt or proof of purchase.<\/p>\r\n<!-- \/wp:paragraph -->\r\n\r\n<!-- wp:paragraph -->\r\n<p>Please do not send your purchase back to the manufacturer.<\/p>\r\n<!-- \/wp:paragraph -->\r\n\r\n<!-- wp:paragraph -->\r\n<p>There are certain situations where only partial refunds are granted:<\/p>\r\n<!-- \/wp:paragraph -->\r\n\r\n<!-- wp:list -->\r\n<ul>\r\n<li>Book with obvious signs of use<\/li>\r\n<li>CD, DVD, VHS tape, software, video game, cassette tape, or vinyl record that has been opened.<\/li>\r\n<li>Any item not in its original condition, is damaged or missing parts for reasons not due to our error.<\/li>\r\n<li>Any item that is returned more than 30 days after delivery<\/li>\r\n<\/ul>\r\n<!-- \/wp:list -->\r\n\r\n<!-- wp:paragraph -->\r\n<h2>Refunds<\/h2>\r\n<!-- \/wp:paragraph -->\r\n\r\n<!-- wp:paragraph -->\r\n<p>Once your return is received and inspected, we will send you an email to notify you that we have received your returned item. We will also notify you of the approval or rejection of your refund.<\/p>\r\n<!-- \/wp:paragraph -->\r\n\r\n<!-- wp:paragraph -->\r\n<p>If you are approved, then your refund will be processed, and a credit will automatically be applied to your credit card or original method of payment, within a certain amount of days.<\/p>\r\n<!-- \/wp:paragraph -->\r\n\r\n<!-- wp:paragraph -->\r\n<b>Late or missing refunds<\/b>\r\n<!-- \/wp:paragraph -->\r\n\r\n<!-- wp:paragraph -->\r\n<p>If you haven\u2019t received a refund yet, first check your bank account again.<\/p>\r\n<!-- \/wp:paragraph -->\r\n\r\n<!-- wp:paragraph -->\r\n<p>Then contact your credit card company, it may take some time before your refund is officially posted.<\/p>\r\n<!-- \/wp:paragraph -->\r\n\r\n<!-- wp:paragraph -->\r\n<p>Next contact your bank. There is often some processing time before a refund is posted.<\/p>\r\n<!-- \/wp:paragraph -->\r\n\r\n<!-- wp:paragraph -->\r\n<p>If you\u2019ve done all of this and you still have not received your refund yet, please contact us at {email address}.<\/p>\r\n<!-- \/wp:paragraph -->\r\n\r\n<!-- wp:paragraph -->\r\n<b>Sale items<\/b>\r\n<!-- \/wp:paragraph -->\r\n\r\n<!-- wp:paragraph -->\r\n<p>Only regular priced items may be refunded. Sale items cannot be refunded.<\/p>\r\n<!-- \/wp:paragraph -->\r\n\r\n<!-- wp:paragraph -->\r\n<h2>Exchanges<\/h2>\r\n<!-- \/wp:paragraph -->\r\n\r\n<!-- wp:paragraph -->\r\n<p>We only replace items if they are defective or damaged. If you need to exchange it for the same item, send us an email at {email address} and send your item to: {physical address}.<\/p>\r\n<!-- \/wp:paragraph -->\r\n\r\n<!-- wp:paragraph -->\r\n<h2>Gifts<\/h2>\r\n<!-- \/wp:paragraph -->\r\n\r\n<!-- wp:paragraph -->\r\n<p>If the item was marked as a gift when purchased and shipped directly to you, you\u2019ll receive a gift credit for the value of your return. Once the returned item is received, a gift certificate will be mailed to you.<\/p>\r\n<!-- \/wp:paragraph -->\r\n\r\n<!-- wp:paragraph -->\r\n<p>If the item wasn\u2019t marked as a gift when purchased, or the gift giver had the order shipped to themselves to give to you later, we will send a refund to the gift giver and they will find out about your return.<\/p>\r\n<!-- \/wp:paragraph -->\r\n\r\n<!-- wp:paragraph -->\r\n<h2>Shipping returns<\/h2>\r\n<!-- \/wp:paragraph -->\r\n\r\n<!-- wp:paragraph -->\r\n<p>To return your product, you should mail your product to: {physical address}.<\/p>\r\n<!-- \/wp:paragraph -->\r\n\r\n<!-- wp:paragraph -->\r\n<p>You will be responsible for paying for your own shipping costs for returning your item. Shipping costs are non-refundable. If you receive a refund, the cost of return shipping will be deducted from your refund.<\/p>\r\n<!-- \/wp:paragraph -->\r\n\r\n<!-- wp:paragraph -->\r\n<p>Depending on where you live, the time it may take for your exchanged product to reach you may vary.<\/p>\r\n<!-- \/wp:paragraph -->\r\n\r\n<!-- wp:paragraph -->\r\n<p>If you are returning more expensive items, you may consider using a trackable shipping service or purchasing shipping insurance. We don\u2019t guarantee that we will receive your returned item.<\/p>\r\n<!-- \/wp:paragraph -->\r\n\r\n<!-- wp:paragraph -->\r\n<h2>Need help?<\/h2>\r\n<!-- \/wp:paragraph -->\r\n\r\n<!-- wp:paragraph -->\r\n<p>Contact us at {email} for questions related to refunds and returns.<\/p>\r\n<!-- \/wp:paragraph -->","_et_gb_content_width":"","footnotes":""},"class_list":["post-95608","page","type-page","status-publish","hentry"],"yoast_head":"<!-- This site is optimized with the Yoast SEO plugin v25.9 - https:\/\/yoast.com\/wordpress\/plugins\/seo\/ -->\n<title>Return Policy - L\u00c9NOUF<\/title>\n<meta name=\"robots\" content=\"index, follow, max-snippet:-1, max-image-preview:large, max-video-preview:-1\" \/>\n<link rel=\"canonical\" href=\"https:\/\/lenouf.com\/fr\/return-policy\/\" \/>\n<meta property=\"og:locale\" content=\"fr_FR\" \/>\n<meta property=\"og:type\" content=\"article\" \/>\n<meta property=\"og:title\" content=\"Return Policy - L\u00c9NOUF\" \/>\n<meta property=\"og:description\" content=\"Return policyEven though the percentage of delivered products that are defective is extremely minimal, it is good to know that we will deal with any defects quickly, so that you will ultimately be satisfied. It is in our own interest to resolve everything as quickly as possible, so you do not have to worry about [&hellip;]\" \/>\n<meta property=\"og:url\" content=\"https:\/\/lenouf.com\/fr\/return-policy\/\" \/>\n<meta property=\"og:site_name\" content=\"L\u00c9NOUF\" \/>\n<meta property=\"article:modified_time\" content=\"2023-12-21T13:35:39+00:00\" \/>\n<meta name=\"twitter:card\" content=\"summary_large_image\" \/>\n<meta name=\"twitter:label1\" content=\"Dur\u00e9e de lecture estim\u00e9e\" \/>\n\t<meta name=\"twitter:data1\" content=\"5 minutes\" \/>\n<script type=\"application\/ld+json\" class=\"yoast-schema-graph\">{\"@context\":\"https:\/\/schema.org\",\"@graph\":[{\"@type\":\"WebPage\",\"@id\":\"https:\/\/lenouf.com\/return-policy\/\",\"url\":\"https:\/\/lenouf.com\/return-policy\/\",\"name\":\"Return Policy - L\u00c9NOUF\",\"isPartOf\":{\"@id\":\"https:\/\/lenouf.com\/#website\"},\"datePublished\":\"2023-03-15T11:12:31+00:00\",\"dateModified\":\"2023-12-21T13:35:39+00:00\",\"breadcrumb\":{\"@id\":\"https:\/\/lenouf.com\/return-policy\/#breadcrumb\"},\"inLanguage\":\"fr-FR\",\"potentialAction\":[{\"@type\":\"ReadAction\",\"target\":[\"https:\/\/lenouf.com\/return-policy\/\"]}]},{\"@type\":\"BreadcrumbList\",\"@id\":\"https:\/\/lenouf.com\/return-policy\/#breadcrumb\",\"itemListElement\":[{\"@type\":\"ListItem\",\"position\":1,\"name\":\"Home\",\"item\":\"https:\/\/lenouf.com\/\"},{\"@type\":\"ListItem\",\"position\":2,\"name\":\"Return Policy\"}]},{\"@type\":\"WebSite\",\"@id\":\"https:\/\/lenouf.com\/#website\",\"url\":\"https:\/\/lenouf.com\/\",\"name\":\"L\u00c9NOUF\",\"description\":\"\",\"potentialAction\":[{\"@type\":\"SearchAction\",\"target\":{\"@type\":\"EntryPoint\",\"urlTemplate\":\"https:\/\/lenouf.com\/?s={search_term_string}\"},\"query-input\":{\"@type\":\"PropertyValueSpecification\",\"valueRequired\":true,\"valueName\":\"search_term_string\"}}],\"inLanguage\":\"fr-FR\"}]}<\/script>\n<!-- \/ Yoast SEO plugin. -->","yoast_head_json":{"title":"Return Policy - L\u00c9NOUF","robots":{"index":"index","follow":"follow","max-snippet":"max-snippet:-1","max-image-preview":"max-image-preview:large","max-video-preview":"max-video-preview:-1"},"canonical":"https:\/\/lenouf.com\/fr\/return-policy\/","og_locale":"fr_FR","og_type":"article","og_title":"Return Policy - L\u00c9NOUF","og_description":"Return policyEven though the percentage of delivered products that are defective is extremely minimal, it is good to know that we will deal with any defects quickly, so that you will ultimately be satisfied. It is in our own interest to resolve everything as quickly as possible, so you do not have to worry about [&hellip;]","og_url":"https:\/\/lenouf.com\/fr\/return-policy\/","og_site_name":"L\u00c9NOUF","article_modified_time":"2023-12-21T13:35:39+00:00","twitter_card":"summary_large_image","twitter_misc":{"Dur\u00e9e de lecture estim\u00e9e":"5 minutes"},"schema":{"@context":"https:\/\/schema.org","@graph":[{"@type":"WebPage","@id":"https:\/\/lenouf.com\/return-policy\/","url":"https:\/\/lenouf.com\/return-policy\/","name":"Return Policy - L\u00c9NOUF","isPartOf":{"@id":"https:\/\/lenouf.com\/#website"},"datePublished":"2023-03-15T11:12:31+00:00","dateModified":"2023-12-21T13:35:39+00:00","breadcrumb":{"@id":"https:\/\/lenouf.com\/return-policy\/#breadcrumb"},"inLanguage":"fr-FR","potentialAction":[{"@type":"ReadAction","target":["https:\/\/lenouf.com\/return-policy\/"]}]},{"@type":"BreadcrumbList","@id":"https:\/\/lenouf.com\/return-policy\/#breadcrumb","itemListElement":[{"@type":"ListItem","position":1,"name":"Home","item":"https:\/\/lenouf.com\/"},{"@type":"ListItem","position":2,"name":"Return Policy"}]},{"@type":"WebSite","@id":"https:\/\/lenouf.com\/#website","url":"https:\/\/lenouf.com\/","name":"L\u00c9NOUF","description":"","potentialAction":[{"@type":"SearchAction","target":{"@type":"EntryPoint","urlTemplate":"https:\/\/lenouf.com\/?s={search_term_string}"},"query-input":{"@type":"PropertyValueSpecification","valueRequired":true,"valueName":"search_term_string"}}],"inLanguage":"fr-FR"}]}},"_links":{"self":[{"href":"https:\/\/lenouf.com\/fr\/wp-json\/wp\/v2\/pages\/95608","targetHints":{"allow":["GET"]}}],"collection":[{"href":"https:\/\/lenouf.com\/fr\/wp-json\/wp\/v2\/pages"}],"about":[{"href":"https:\/\/lenouf.com\/fr\/wp-json\/wp\/v2\/types\/page"}],"author":[{"embeddable":true,"href":"https:\/\/lenouf.com\/fr\/wp-json\/wp\/v2\/users\/1"}],"replies":[{"embeddable":true,"href":"https:\/\/lenouf.com\/fr\/wp-json\/wp\/v2\/comments?post=95608"}],"version-history":[{"count":0,"href":"https:\/\/lenouf.com\/fr\/wp-json\/wp\/v2\/pages\/95608\/revisions"}],"wp:attachment":[{"href":"https:\/\/lenouf.com\/fr\/wp-json\/wp\/v2\/media?parent=95608"}],"curies":[{"name":"wp","href":"https:\/\/api.w.org\/{rel}","templated":true}]}}