{"id":93502,"date":"2023-01-09T05:54:43","date_gmt":"2023-01-09T05:54:43","guid":{"rendered":"https:\/\/divi.pixelsbuilderplus.com\/divi-themes\/demowoo\/cart\/"},"modified":"2023-12-12T08:54:33","modified_gmt":"2023-12-12T08:54:33","slug":"cart","status":"publish","type":"page","link":"https:\/\/lenouf.com\/fr\/cart\/","title":{"rendered":"Chariot"},"content":{"rendered":"<p>[et_pb_section fb_built=\"1\u2033 custom_padding_last_edited=\"on|phone\" admin_label=\"Inner Banner Section\" module_class=\"px_page_title\" _builder_version=\"4.23.1\u2033 _module_preset=\"default\" background_image=\"https:\/\/lenouf.com\/wp-content\/uploads\/2023\/12\/Homebanner.webp\" custom_margin=\"||||false|false\" custom_padding=\"100px||100px||true|false\" custom_padding_tablet=\"60px||60px|true|false\" custom_padding_phone=\"20px||20px|true|false\" top_divider_color=\"#FFFFFF\" top_divider_height=\"0px\" top_divider_height_tablet=\"\" top_divider_height_phone=\"30px\" top_divider_height_last_edited=\"on|tablet\" bottom_divider_style=\"waves\" bottom_divider_color=\"#F0EBE4\u2033 bottom_divider_height=\"80px\" bottom_divider_flip=\"vertical\" bottom_divider_height_tablet=\"60px\" bottom_divider_height_phone=\"30px\" bottom_divider_height_last_edited=\"on|phone\" locked=\"off\" global_colors_info=\"{}\" global_module=\"100262\u2033 theme_builder_area=\"post_content\"][et_pb_row admin_label=\"Inner Banner Row\" _builder_version=\"4.18.0\u2033 _module_preset=\"default\" global_colors_info=\"{}\" theme_builder_area=\"post_content\"][et_pb_column type=\"4_4\u2033 _builder_version=\"4.18.0\u2033 _module_preset=\"default\" global_colors_info=\"{}\" theme_builder_area=\"post_content\"][et_pb_text admin_label=\"Title Text\" module_class=\"px_page_title_name\" _builder_version=\"4.23.1\u2033 _dynamic_attributes=\"content\" _module_preset=\"default\" global_colors_info=\"{}\" theme_builder_area=\"post_content\"]@ET-DC@eyJkeW5hbWljIp0cnVlCJb250ZW50IjoicG9zdF90aXRsZSIsInNldHRpbdzIjp7ImJlZm9yZSI6IsImFmdGVyIjoiIn19@[\/et_pb_text][\/et_pb_column][\/et_pb_row][et_pb_row admin_label=\"Inner Banner Row\" module_class=\"px_page_title_row\" _builder_version=\"4.21.0\u2033 _module_preset=\"default\" global_colors_info=\"{}\" theme_builder_area=\"post_content\"][et_pb_column type=\"4_4\u2033 module_class=\"px_page_title_column\" _builder_version=\"4.18.0\u2033 _module_preset=\"default\" global_colors_info=\"{}\" theme_builder_area=\"post_content\"][et_pb_text _builder_version=\"4.23.1\u2033 _module_preset=\"default\" global_colors_info=\"{}\" theme_builder_area=\"post_content\"]<ul id=\"dpprof_breadcrumbs\" class=\"dpprof_breadcrumbs\"><li class=\"item-home\"><a class=\"bread-link bread-home\" href=\"https:\/\/lenouf.com\/fr\" title=\"Home\">Home<\/a><\/li><li class=\"separator separator-home\"> \/ <\/li><\/ul>[\/et_pb_text][\/et_pb_column][\/et_pb_row][\/et_pb_section][et_pb_section fb_built=\"1\u2033 admin_label=\"Shop Process Section \" _builder_version=\"4.23.1\u2033 _module_preset=\"default\" custom_padding=\"||0px||false|false\" hover_enabled=\"0\u2033 locked=\"off\" global_colors_info=\"{}\" background_color=\"#F0EBE4\u2033 sticky_enabled=\"0\u2033][et_p_row column_structure=\"1_3,1_3,1_3\u2033 use_custom_gutter=\"on\" gutter_width=\"2\u2033 admin_label=\"Shop Process Row \" module_class=\"px_shop_process\" _builder_version=\"4.21.0\u2033 _module_preset=\"default\" width_tablet=\"90%\" width_phone=\"95%\" width_last_edited=\"on|phone\" max_width=\"1200px\" max_width_tablet=\"90%\" max_width_phone=\"95%\" max_width_last_edited=\"on|phone\" custom_padding=\"0px|0px||true|false\" locked=\"off\" global_colors_info=\"{}\" custom_css_main_element_last_edited=\"on|tablet\" custom_css_main_element_tablet=\"display : flex ;\" custom_css_main_element_phone=\"display : flex ;\"][et_pb_column type=\"1_3\u2033 _builder_version=\"4.21.0\u2033 _dynamic_attributes=\"link_option_url\" _module_preset=\"default\" link_option_url=\"@ET-DC@eyJkeW5hbWljIjp0cnVlCJb250ZW50IjoicG9zdF9saW5rX3VybF9wYWdlIwic2V0dGluZ3MiOnsicG9zdF9pZCI6IjgifX0=@\" global_colors_info=\"{}\"][et_pb_text admin_label=\"Nombre\" _builder_version=\"4.21.0\u2033 _module_preset=\"default\" text_font=\"Poppins|600|||||||\" text_text_color=\"#FFFFFF\" text_font_size=\"12px\" background_color=\"#000000\u2033 z_index=\"500\u2033 custom_margin=\"||0px||false|false\" custom_padding=\"5px|10px|5px|10px|true|true\" custom_padding_tablet=\"5px|10px|5px|10px|true|true\" custom_padding_phone=\"0px|8px|0px|8px|true|true\" custom_padding_last_edited=\"on|phone\" text_font_size_tablet=\"12px\" text_font_size_phone=\"10px\" text_font_size_last_edited=\"on|phone\" custom_css_main_element=\"position : absolute;|| right : 100px;|| top : 90px;||\" border_radii=\"on|50px|50px|50px\" global_colors_info=\"{}\" custom_css_main_element_last_edited=\"on|tablet\" custom_css_main_element_tablet=\"position : absolute;|| right : 50px;|| top : 95px;||\" custom_css_main_element_phone=\"position : absolute;|| right:20px;|| top : 70px;||\"]<\/p>\n<p>Boutique<\/p>\n<p>[\/et_pb_text][et_pb_blurb title=\"Boutique\" use_icon=\"on\" font_icon=\"\ue079||divi||400\u2033 icon_color=\"#FFFFFF\" image_icon_width=\"50px\" image_icon_width_tablet=\"50px\" image_icon_width_phone=\"28px\" image_icon_width_last_edited=\"on|phone\" admin_label=\"Ic\u00f4ne &amp; Titre\" module_class=\"px_shop_process_blurb\" _builder_version=\"4.21.0\u2033 _module_preset=\"default\" header_font=\"Poppins|600|||||||\" header_text_color=\"#000000\u2033 header_font_size=\"24px\" body_font=\"Poppins||||||||\" text_orientation=\"center\" header_font_size_tablet=\"24px\" header_font_size_phone=\"16px\" header_font_size_last_edited=\"on|phone\" custom_css_blurb_image=\"margin-bottom :20px;||position:relative;||border-radius : 50%;|| -webkit-transition : all .3s ease-in-out;|| -moz-transition : all .3s ease-in-out;|| -o-transition : all .3s ease-in-out;|| transition : all .3s ease-in-out ;\" custom_css_blurb_title=\"padding-bottom:20px ;\" icon_font_size=\"50px\" locked=\"off\" global_colors_info=\"{}\" custom_css_after_last_edited=\"on|phone\" custom_css_after_phone=\"display :none ;\" custom_css_after_tablet=\"display:none ;\"][\/et_pb_blurb][\/et_pb_column][et_pb_column type=\"1_3\u2033 _builder_version=\"4.21.0\u2033 _dynamic_attributes=\"link_option_url\" _module_preset=\"default\" link_option_url=\"@ET-DC@eyJkeW5hbWljIp0cnVlCJb250ZW50IjoicG9zdF9saW5rX3VybF9wYWdlIwic2V0dGluZ3MiOnsicG9zdF9pZCI6IjkyMDIzIn19@\" global_colors_info=\"{}\"][et_pb_text admin_label=\"Num\u00e9ro\" _builder_version=\"4.21.0\u2033 _module_preset=\"default\" text_font=\"Poppins|600|||||||\" text_text_color=\"#FFFFFF\" text_font_size=\"12px\" background_color=\"#000000\u2033 z_index=\"500\u2033 custom_margin=\"||0px||false|false\" custom_padding=\"5px|10px|5px|10px|true|true\" custom_padding_tablet=\"5px|10px|5px|10px|true|true\" custom_padding_phone=\"0px|8px|0px|8px|true|true\" custom_padding_last_edited=\"on|phone\" text_font_size_tablet=\"12px\" text_font_size_phone=\"10px\" text_font_size_last_edited=\"on|phone\" custom_css_main_element=\"position : absolute;|| right : 100px;|| top : 90px;|| \" border_radii=\"on|50px|50px|50px\" locked=\"off\" global_colors_info=\"{}\" custom_css_main_element_last_edited=\"on|phone\" custom_css_main_element_tablet=\"position : absolute;|| right : 50px;|| top : 95px;||\" custom_css_main_element_phone=\"position : absolute;|| right : 20px;|| top : 70px;||\"]<\/p>\n<p>Chariot<\/p>\n<p>[\/et_pb_text][et_pb_blurb title=\"Panier\" use_icon=\"on\" font_icon=\"\ue07a||divi||400\u2033 icon_color=\"#FFFFFF\" image_icon_width=\"50px\" image_icon_width_tablet=\"50px\" image_icon_width_phone=\"30px\" image_icon_width_last_edited=\"on|phone\" admin_label=\"Ic\u00f4ne &amp; Titre \" module_class=\"px_shop_process_blurb\" _builder_version=\"4.21.0\u2033 _module_preset=\"default\" header_font=\"Poppins|600|||||||\" header_text_color=\"#000000\u2033 header_font_size=\"24px\" body_font=\"Poppins||||||||\" text_orientation=\"center\" header_font_size_tablet=\"24px\" header_font_size_phone=\"16px\" header_font_size_last_edited=\"on|phone\" custom_css_blurb_image=\"margin-bottom :20px;||position:relative;||border-radius : 50%;|| -webkit-transition : all .3s ease-in-out;|| -moz-transition : all .3s ease-in-out;|| -o-transition : all .3s ease-in-out;|| transition : all .3s ease-in-out ;\" custom_css_blurb_title=\"padding-bottom:20px ;\" icon_font_size=\"50px\" locked=\"off\" global_colors_info=\"{}\" custom_css_after_last_edited=\"on|phone\" custom_css_after_phone=\"display :none ;\" custom_css_after_tablet=\"display:none ;\"][\/et_pb_blurb][\/et_pb_column][et_pb_column type=\"1_3\u2033 _builder_version=\"4.21.0\u2033 _dynamic_attributes=\"link_option_url\" _module_preset=\"default\" link_option_url=\"@ET-DC@eyJkeW5hbWljIp0cnVlCJb250ZW50IjoicG9zdF9saW5rX3VybF9wYWdlIwic2V0dGluZ3MiOnsicG9zdF9pZCI6Ijk4OTIyIn19@\" global_colors_info=\"{}\"][et_pb_text admin_label=\"Num\u00e9ro\" _builder_version=\"4.21.0\u2033 _module_preset=\"default\" text_font=\"Poppins|600|||||||\" text_text_color=\"#FFFFFF\" text_font_size=\"12px\" background_color=\"#000000\u2033 z_index=\"500\u2033 custom_margin=\"||0px||false|false\" custom_padding=\"5px|10px|5px|10px|true|true\" custom_padding_tablet=\"5px|10px|5px|10px|true|true\" custom_padding_phone=\"0px|8px|0px|8px|true|true\" custom_padding_last_edited=\"on|phone\" text_font_size_tablet=\"12px\" text_font_size_phone=\"10px\" text_font_size_last_edited=\"on|phone\" custom_css_main_element=\"position : absolute;|| right : 100px;|| top : 90px ;\" border_radii=\"on|50px|50px|50px|50px\" locked=\"off\" global_colors_info=\"{}\" custom_css_main_element_last_edited=\"on|phone\" custom_css_main_element_tablet=\"position : absolute;|| right : 20px;|| top : 95px;||\" custom_css_main_element_phone=\"position : absolute;|| right : -8px;|| top : 70px;||\"]<\/p>\n<p>Passer \u00e0 la caisse<\/p>\n<p>[\/et_pb_text][et_pb_blurb title=\"Checkout\" use_icon=\"on\" font_icon=\"\ue014||divi||400\u2033 icon_color=\"#FFFFFF\" image_icon_width=\"50px\" image_icon_width_tablet=\"50px\" image_icon_width_phone=\"30px\" image_icon_width_last_edited=\"on|phone\" admin_label=\"50px\". image_icon_width_tablet=\"50px\" image_icon_width_phone=\"30px\" image_icon_width_last_edited=\"on|phone\" admin_label=\"Icon &amp; Title \" _builder_version=\"4.21.0\u2033 _module_preset=\"default\" header_font=\"Poppins|600|||||||\" header_text_color=\"#000000\u2033 header_font_size=\"24px\" body_font=\"Poppins||||||||\" text_orientation=\"center\" header_font_size_tablet=\"24px\" header_font_size_phone=\"16px\" header_font_size_last_edited=\"on|phone\" custom_css_blurb_image=\"margin-bottom :20px;||position:relative;||border-radius : 50%;|| -webkit-transition : all .3s ease-in-out;|| -moz-transition : all .3s ease-in-out;|| -o-transition : all .3s ease-in-out;|| transition : all .3s ease-in-out ;\" custom_css_blurb_title=\"padding-bottom:20px ;\" icon_font_size=\"50px\" locked=\"off\" global_colors_info=\"{}\" custom_css_after_last_edited=\"on|phone\" custom_css_after_phone=\"display :none ;\" custom_css_after_tablet=\"display:none ;\"][\/et_pb_blurb][\/et_pb_column][\/et_pb_row][\/et_pb_section][et_pb_section fb_built=\"1\u2033 admin_label=\"Section Panier\" _builder_version=\"4.23.1\u2033 custom_padding=\"0px||0px||true|false\" hover_enabled=\"0\u2033 global_colors_info=\"{}\" background_color=\"#F0EBE4\u2033 sticky_enabled=\"0\u2033][et_pb_row admin_label=\"Rang\u00e9e de panier\" _builder_version=\"4.16\u2033 background_size=\"initial\" background_position=\"top_left\" background_repeat=\"repeat\" global_colors_info=\"{}\"][et_pb_column type=\"4_4\u2033 _builder_version=\"4.16\u2033 custom_padding=\"|||\" global_colors_info=\"{}\" custom_padding__hover=\"|||\"][et_pbwc_cart_notice module_class=\"px_wc_cart_notice\" _builder_version=\"4.18.0\u2033 global_colors_info=\"{}\"][\/et_pb_wc_cart_notice][\/et_pb_column][\/et_pb_row][et_pb_row column_structure=\"2_3,1_3\u2033 use_custom_gutter=\"on\" gutter_width=\"2\u2033 admin_label=\"Cart Row\" _builder_version=\"4.18.0\u2033 background_size=\"initial\" background_position=\"top_left\" background_repeat=\"repeat\" width_tablet=\"90%\" width_phone=\"90%\" width_last_edited=\"on|tablet\" max_width_tablet=\"90%\" max_width_phone=\"90%\" max_width_last_edited=\"on|tablet\" module_alignment=\"center\" global_colors_info=\"{}\"][et_pb_column type=\"2_3\u2033 _builder_version=\"4.16\u2033 custom_padding=\"|||\" global_colors_info=\"{}\" custom_padding__hover=\"|||\"][et_pbwc_cart_products module_class=\"px_cart_products\" _builder_version=\"4.18.0\u2033 global_colors_info=\"{}\"][\/et_pb_wc_cart_products][et_pb_wc_cross_sells module_classass=\"px_wc_cross_sell_product\" _builder_version=\"4.18.0\u2033 title_font=\"|600|||||||\" title_font_size=\"20px\" price_font=\"|600|||||||\" price_font_size=\"16px\" text_orientation=\"center\" global_colors_info=\"{}\"][\/et_pb_wc_cross_sells][\/et_pb_column][et_pb_column type=\"1_3\u2033 _builder_version=\"4.18.0\u2033 custom_padding=\"|||\" sticky_position=\"top\" sticky_limit_bottom=\"section\" sticky_position_tablet=\"none\" sticky_position_phone=\"none\" sticky_position_last_edited=\"on|tablet\" global_colors_info=\"{}\" custom_padding__hover=\"|||\"][et_pb_wc_cart_totals module_class=\"px_cart_totols\" _builder_version=\"4.18.0\u2033 global_colors_info=\"{}\"][\/et_pb_wc_cart_totals][\/et_pb_column][\/et_pb_row][\/et_pb_section]<\/p>","protected":false},"excerpt":{"rendered":"<p><ul id=\"dpprof_breadcrumbs\" class=\"dpprof_breadcrumbs\"><li class=\"item-home\"><a class=\"bread-link bread-home\" href=\"https:\/\/lenouf.com\/fr\" title=\"Home\">Home<\/a><\/li><li class=\"separator separator-home\"> \/ <\/li><\/ul>ShopCartCheckout<\/p>","protected":false},"author":1,"featured_media":0,"parent":0,"menu_order":0,"comment_status":"closed","ping_status":"closed","template":"","meta":{"_et_pb_use_builder":"on","_et_pb_old_content":"<!-- wp:shortcode -->[woocommerce_cart]<!-- \/wp:shortcode -->","_et_gb_content_width":"","footnotes":""},"class_list":["post-93502","page","type-page","status-publish","hentry"],"yoast_head":"<!-- This site is optimized with the Yoast SEO plugin v25.9 - https:\/\/yoast.com\/wordpress\/plugins\/seo\/ -->\n<title>Cart - L\u00c9NOUF<\/title>\n<meta name=\"robots\" content=\"index, follow, max-snippet:-1, max-image-preview:large, max-video-preview:-1\" \/>\n<link rel=\"canonical\" href=\"https:\/\/lenouf.com\/fr\/cart\/\" \/>\n<meta property=\"og:locale\" content=\"fr_FR\" \/>\n<meta property=\"og:type\" content=\"article\" \/>\n<meta property=\"og:title\" content=\"Cart - L\u00c9NOUF\" \/>\n<meta property=\"og:description\" content=\"ShopCartCheckout\" \/>\n<meta property=\"og:url\" content=\"https:\/\/lenouf.com\/fr\/cart\/\" \/>\n<meta property=\"og:site_name\" content=\"L\u00c9NOUF\" \/>\n<meta property=\"article:modified_time\" content=\"2023-12-12T08:54:33+00:00\" \/>\n<meta name=\"twitter:card\" content=\"summary_large_image\" \/>\n<meta name=\"twitter:label1\" content=\"Dur\u00e9e de lecture estim\u00e9e\" \/>\n\t<meta name=\"twitter:data1\" content=\"8 minutes\" \/>\n<script type=\"application\/ld+json\" class=\"yoast-schema-graph\">{\"@context\":\"https:\/\/schema.org\",\"@graph\":[{\"@type\":\"WebPage\",\"@id\":\"https:\/\/lenouf.com\/cart\/\",\"url\":\"https:\/\/lenouf.com\/cart\/\",\"name\":\"Cart - L\u00c9NOUF\",\"isPartOf\":{\"@id\":\"https:\/\/lenouf.com\/#website\"},\"datePublished\":\"2023-01-09T05:54:43+00:00\",\"dateModified\":\"2023-12-12T08:54:33+00:00\",\"breadcrumb\":{\"@id\":\"https:\/\/lenouf.com\/cart\/#breadcrumb\"},\"inLanguage\":\"fr-FR\",\"potentialAction\":[{\"@type\":\"ReadAction\",\"target\":[\"https:\/\/lenouf.com\/cart\/\"]}]},{\"@type\":\"BreadcrumbList\",\"@id\":\"https:\/\/lenouf.com\/cart\/#breadcrumb\",\"itemListElement\":[{\"@type\":\"ListItem\",\"position\":1,\"name\":\"Home\",\"item\":\"https:\/\/lenouf.com\/\"},{\"@type\":\"ListItem\",\"position\":2,\"name\":\"Cart\"}]},{\"@type\":\"WebSite\",\"@id\":\"https:\/\/lenouf.com\/#website\",\"url\":\"https:\/\/lenouf.com\/\",\"name\":\"L\u00c9NOUF\",\"description\":\"\",\"potentialAction\":[{\"@type\":\"SearchAction\",\"target\":{\"@type\":\"EntryPoint\",\"urlTemplate\":\"https:\/\/lenouf.com\/?s={search_term_string}\"},\"query-input\":{\"@type\":\"PropertyValueSpecification\",\"valueRequired\":true,\"valueName\":\"search_term_string\"}}],\"inLanguage\":\"fr-FR\"}]}<\/script>\n<!-- \/ Yoast SEO plugin. -->","yoast_head_json":{"title":"Chariot - L\u00c9NOUF","robots":{"index":"index","follow":"follow","max-snippet":"max-snippet:-1","max-image-preview":"max-image-preview:large","max-video-preview":"max-video-preview:-1"},"canonical":"https:\/\/lenouf.com\/fr\/cart\/","og_locale":"fr_FR","og_type":"article","og_title":"Cart - L\u00c9NOUF","og_description":"ShopCartCheckout","og_url":"https:\/\/lenouf.com\/fr\/cart\/","og_site_name":"L\u00c9NOUF","article_modified_time":"2023-12-12T08:54:33+00:00","twitter_card":"summary_large_image","twitter_misc":{"Dur\u00e9e de lecture estim\u00e9e":"8 minutes"},"schema":{"@context":"https:\/\/schema.org","@graph":[{"@type":"WebPage","@id":"https:\/\/lenouf.com\/cart\/","url":"https:\/\/lenouf.com\/cart\/","name":"Chariot - L\u00c9NOUF","isPartOf":{"@id":"https:\/\/lenouf.com\/#website"},"datePublished":"2023-01-09T05:54:43+00:00","dateModified":"2023-12-12T08:54:33+00:00","breadcrumb":{"@id":"https:\/\/lenouf.com\/cart\/#breadcrumb"},"inLanguage":"fr-FR","potentialAction":[{"@type":"ReadAction","target":["https:\/\/lenouf.com\/cart\/"]}]},{"@type":"BreadcrumbList","@id":"https:\/\/lenouf.com\/cart\/#breadcrumb","itemListElement":[{"@type":"ListItem","position":1,"name":"Home","item":"https:\/\/lenouf.com\/"},{"@type":"ListItem","position":2,"name":"Cart"}]},{"@type":"WebSite","@id":"https:\/\/lenouf.com\/#website","url":"https:\/\/lenouf.com\/","name":"L\u00c9NOUF","description":"","potentialAction":[{"@type":"SearchAction","target":{"@type":"EntryPoint","urlTemplate":"https:\/\/lenouf.com\/?s={search_term_string}"},"query-input":{"@type":"PropertyValueSpecification","valueRequired":true,"valueName":"search_term_string"}}],"inLanguage":"fr-FR"}]}},"_links":{"self":[{"href":"https:\/\/lenouf.com\/fr\/wp-json\/wp\/v2\/pages\/93502","targetHints":{"allow":["GET"]}}],"collection":[{"href":"https:\/\/lenouf.com\/fr\/wp-json\/wp\/v2\/pages"}],"about":[{"href":"https:\/\/lenouf.com\/fr\/wp-json\/wp\/v2\/types\/page"}],"author":[{"embeddable":true,"href":"https:\/\/lenouf.com\/fr\/wp-json\/wp\/v2\/users\/1"}],"replies":[{"embeddable":true,"href":"https:\/\/lenouf.com\/fr\/wp-json\/wp\/v2\/comments?post=93502"}],"version-history":[{"count":0,"href":"https:\/\/lenouf.com\/fr\/wp-json\/wp\/v2\/pages\/93502\/revisions"}],"wp:attachment":[{"href":"https:\/\/lenouf.com\/fr\/wp-json\/wp\/v2\/media?parent=93502"}],"curies":[{"name":"wp","href":"https:\/\/api.w.org\/{rel}","templated":true}]}}