{"id":92123,"date":"2022-09-02T10:59:57","date_gmt":"2022-09-02T10:59:57","guid":{"rendered":"https:\/\/demo.pixelsbuilderplus.com\/?page_id=73"},"modified":"2024-01-22T11:44:36","modified_gmt":"2024-01-22T11:44:36","slug":"about-us","status":"publish","type":"page","link":"https:\/\/lenouf.com\/fr\/about-us\/","title":{"rendered":"\u00c0 propos de nous"},"content":{"rendered":"<p>[et_pb_section fb_built=&#8221;1&#8243; custom_padding_last_edited=&#8221;on|phone&#8221; admin_label=&#8221;Inner Banner Section&#8221; module_class=&#8221;px_page_title&#8221; _builder_version=&#8221;4.23.2&#8243; _module_preset=&#8221;default&#8221; background_image=&#8221;https:\/\/lenouf.com\/wp-content\/uploads\/2023\/12\/Homebanner.webp&#8221; custom_margin=&#8221;||||false|false&#8221; custom_padding=&#8221;80px||80px||true|false&#8221; custom_padding_tablet=&#8221;60px||60px||true|false&#8221; custom_padding_phone=&#8221;20px||20px||true|false&#8221; top_divider_color=&#8221;#FFFFFF&#8221; top_divider_height=&#8221;0px&#8221; top_divider_height_tablet=&#8221;&#8221; top_divider_height_phone=&#8221;30px&#8221; top_divider_height_last_edited=&#8221;on|tablet&#8221; bottom_divider_style=&#8221;waves&#8221; bottom_divider_color=&#8221;#F0EBE4&#8243; bottom_divider_height=&#8221;80px&#8221; bottom_divider_flip=&#8221;vertical&#8221; bottom_divider_height_tablet=&#8221;60px&#8221; bottom_divider_height_phone=&#8221;30px&#8221; bottom_divider_height_last_edited=&#8221;on|phone&#8221; global_module=&#8221;100262&#8243; saved_tabs=&#8221;all&#8221; locked=&#8221;off&#8221; global_colors_info=&#8221;{}&#8221;][et_pb_row admin_label=&#8221;Inner Banner Row&#8221; _builder_version=&#8221;4.18.0&#8243; _module_preset=&#8221;default&#8221; global_colors_info=&#8221;{}&#8221;][et_pb_column type=&#8221;4_4&#8243; _builder_version=&#8221;4.18.0&#8243; _module_preset=&#8221;default&#8221; global_colors_info=&#8221;{}&#8221;][et_pb_text admin_label=&#8221;Title Text&#8221; module_class=&#8221;px_page_title_name&#8221; _builder_version=&#8221;4.23.1&#8243; _dynamic_attributes=&#8221;content&#8221; _module_preset=&#8221;default&#8221; global_colors_info=&#8221;{}&#8221;]@ET-DC@eyJkeW5hbWljIjp0cnVlLCJjb250ZW50IjoicG9zdF90aXRsZSIsInNldHRpbmdzIjp7ImJlZm9yZSI6IiIsImFmdGVyIjoiIn19@[\/et_pb_text][\/et_pb_column][\/et_pb_row][et_pb_row admin_label=&#8221;Inner Banner Row&#8221; module_class=&#8221;px_page_title_row&#8221; _builder_version=&#8221;4.21.0&#8243; _module_preset=&#8221;default&#8221; global_colors_info=&#8221;{}&#8221;][et_pb_column type=&#8221;4_4&#8243; module_class=&#8221;px_page_title_column&#8221; _builder_version=&#8221;4.18.0&#8243; _module_preset=&#8221;default&#8221; global_colors_info=&#8221;{}&#8221;][et_pb_text _builder_version=&#8221;4.23.2&#8243; _module_preset=&#8221;default&#8221; text_text_color=&#8221;#FFFFFF&#8221; background_layout=&#8221;dark&#8221; global_colors_info=&#8221;{}&#8221;]<\/p>\n<ul id=\"dpprof_breadcrumbs\" class=\"dpprof_breadcrumbs\"><li class=\"item-home\"><a class=\"bread-link bread-home\" href=\"https:\/\/lenouf.com\/fr\" title=\"Home\">Home<\/a><\/li><li class=\"separator separator-home\"> \/ <\/li><\/ul>\n<p>[\/et_pb_text][\/et_pb_column][\/et_pb_row][\/et_pb_section][et_pb_section fb_built=&#8221;1&#8243; custom_padding_last_edited=&#8221;on|tablet&#8221; admin_label=&#8221;About Us Section&#8221; _builder_version=&#8221;4.23.1&#8243; _module_preset=&#8221;default&#8221; background_color=&#8221;#F0EBE4&#8243; background_enable_image=&#8221;off&#8221; background_size=&#8221;custom&#8221; background_image_width=&#8221;250px&#8221; background_position=&#8221;top_left&#8221; background_horizontal_offset=&#8221;8%&#8221; background_vertical_offset=&#8221;0%&#8221; custom_padding=&#8221;||0px||false|false&#8221; custom_padding_tablet=&#8221;0px||||false|false&#8221; custom_padding_phone=&#8221;0px||||false|false&#8221; background_last_edited=&#8221;on|tablet&#8221; background_enable_image_tablet=&#8221;off&#8221; background_horizontal_offset_tablet=&#8221;0%&#8221; custom_css_main_element=&#8221;overflow:hidden;&#8221; global_colors_info=&#8221;{}&#8221;][et_pb_row column_structure=&#8221;2_3,1_3&#8243; admin_label=&#8221;Title Row&#8221; _builder_version=&#8221;4.18.0&#8243; _module_preset=&#8221;default&#8221; width_tablet=&#8221;90%&#8221; width_phone=&#8221;90%&#8221; width_last_edited=&#8221;on|tablet&#8221; max_width_tablet=&#8221;90%&#8221; max_width_phone=&#8221;90%&#8221; max_width_last_edited=&#8221;on|tablet&#8221; module_alignment=&#8221;center&#8221; global_colors_info=&#8221;{}&#8221;][et_pb_column type=&#8221;2_3&#8243; _builder_version=&#8221;4.18.0&#8243; _module_preset=&#8221;default&#8221; global_colors_info=&#8221;{}&#8221;][et_pb_text admin_label=&#8221;Title Text&#8221; module_class=&#8221;px_title&#8221; _builder_version=&#8221;4.23.4&#8243; _module_preset=&#8221;default&#8221; header_2_line_height=&#8221;1.2em&#8221; text_orientation=&#8221;center&#8221; global_colors_info=&#8221;{}&#8221;]<\/p>\n<h2>L'histoire de L\u00e9nouf<\/h2>\n<p>[\/et_pb_text][et_pb_icon font_icon=&#8221;&#xf5bd;||fa||900&#8243; icon_width=&#8221;35px&#8221; admin_label=&#8221;Heading Underline Icon&#8221; module_class=&#8221;px_heading_underline&#8221; _builder_version=&#8221;4.18.0&#8243; _module_preset=&#8221;default&#8221; global_colors_info=&#8221;{}&#8221;][\/et_pb_icon][et_pb_text module_class=&#8221;px_desc&#8221; _builder_version=&#8221;4.23.4&#8243; _module_preset=&#8221;default&#8221; global_colors_info=&#8221;{}&#8221;]Meet our visionary perfume artist, a woman of both French and Arab descent, driven by love and inspired by the rich diversity of its heritage. Her passion for art and love has pushed her to give a new dimension to perfumery, where she interweaves all her creativity with the essence of love.<\/p>\n<p>Aimer l'inspiration :<br \/>\nCette artiste est guid\u00e9e par le pouvoir de l'amour, une \u00e9motion profond\u00e9ment enracin\u00e9e dans le romantisme fran\u00e7ais et la po\u00e9sie arabe. Ses cr\u00e9ations sont impr\u00e9gn\u00e9es de la sophistication du charme parisien et de la chaleur de la passion arabe, une combinaison unique qui donne vie \u00e0 ses parfums.<\/p>\n<p>La nature en tant que muse :<br \/>\nD\u00e9termin\u00e9e \u00e0 n'utiliser que le meilleur de la nature, elle a choisi de cr\u00e9er ses parfums avec des ingr\u00e9dients qui... proviennent directement de la nature. Chaque p\u00e9tale, chaque note d'\u00e9pice, raconte une histoire de splendeur naturelle et de puret\u00e9.<\/p>\n<p>L'amour dans chaque bouteille :<br \/>\nAvec sa nouvelle collection de parfums, elle vous invite \u00e0 d\u00e9couvrir l'amour dans chaque goutte. Ces parfums ne sont pas de simples compositions, ce sont des lettres d'amour aux sens, impr\u00e9gn\u00e9es de tout ce que la nature a \u00e0 offrir. Une tendre \u00e9treinte de parfums, de passion et de cr\u00e9ativit\u00e9.<\/p>\n<p>L'amour est le c\u0153ur battant de son travail, un fil invisible qui relie sa vision artistique \u00e0 la beaut\u00e9 abondante de la nature. Le parfum de L\u00e9nouf n'est pas seulement une odeur, mais une exp\u00e9rience cr\u00e9\u00e9e avec amour qui capture l'essence de sa passion pour l'art et la nature.<\/p>\n<p>Seul le meilleur est suffisant :<br \/>\nFor this artist, only the most luxurious perfume is good enough for her unique creations. Each bottle represents a masterpiece, a symbol of the undying love she weaves into her art. Be enchanted by this new collection, where love, creativity and luxury come together in a harmonious dance of scent.[\/et_pb_text][\/et_pb_column][et_pb_column type=&#8221;1_3&#8243; _builder_version=&#8221;4.18.0&#8243; _module_preset=&#8221;default&#8221; global_colors_info=&#8221;{}&#8221;][et_pb_image src=&#8221;https:\/\/lenouf.com\/wp-content\/uploads\/2023\/12\/about-us.webp&#8221; title_text=&#8221;about us&#8221; show_in_lightbox=&#8221;on&#8221; module_class=&#8221;px_new_collection_img&#8221; _builder_version=&#8221;4.23.4&#8243; _module_preset=&#8221;default&#8221; custom_margin=&#8221;16vh||||false|false&#8221; custom_margin_tablet=&#8221;0vh||||false|false&#8221; custom_margin_phone=&#8221;0vh||||false|false&#8221; custom_margin_last_edited=&#8221;on|tablet&#8221; locked=&#8221;off&#8221; global_colors_info=&#8221;{}&#8221;][\/et_pb_image][et_pb_text disabled_on=&#8221;on|on|off&#8221; admin_label=&#8221;Background Text&#8221; _builder_version=&#8221;4.18.0&#8243; _module_preset=&#8221;default&#8221; positioning=&#8221;absolute&#8221; position_origin_a=&#8221;bottom_right&#8221; vertical_offset=&#8221;245px&#8221; horizontal_offset=&#8221;-255px&#8221; width=&#8221;20px&#8221; height=&#8221;20px&#8221; custom_margin=&#8221;0px|0px|0px|0px|true|true&#8221; custom_padding=&#8221;0px|0px|0px|0px|true|true&#8221; custom_css_main_element=&#8221;background:var(&#8211;px-color-1);&#8221; border_radii=&#8221;on|50%|50%|50%|50%&#8221; locked=&#8221;off&#8221; global_colors_info=&#8221;{}&#8221;][\/et_pb_text][et_pb_text disabled_on=&#8221;on|on|off&#8221; _builder_version=&#8221;4.18.0&#8243; _module_preset=&#8221;default&#8221; positioning=&#8221;absolute&#8221; position_origin_a=&#8221;bottom_right&#8221; width=&#8221;100%&#8221; custom_css_before=&#8221;content: %22%22;||border: 1px solid var(&#8211;px-color-1);||background: transparent;||opacity: 0.4;||position: absolute;||right: -162%;||bottom: 20px;||height: 400px;||width: 400px;||border-radius: 50%;&#8221; custom_css_after=&#8221;content: %22%22;||border: 1px solid var(&#8211;px-color-1);||background: transparent;||opacity: 0.4;||position: absolute;||right: -150%;||bottom: -80px;||height: 400px;||width: 400px;||border-radius: 50%;&#8221; locked=&#8221;off&#8221; global_colors_info=&#8221;{}&#8221;][\/et_pb_text][\/et_pb_column][\/et_pb_row][\/et_pb_section][et_pb_section fb_built=&#8221;1&#8243; admin_label=&#8221;Customer Satisfactions Section&#8221; _builder_version=&#8221;4.23.1&#8243; _module_preset=&#8221;default&#8221; background_color=&#8221;#f1ebe3&#8243; custom_padding=&#8221;0px||||false|false&#8221; global_module=&#8221;100100&#8243; saved_tabs=&#8221;all&#8221; locked=&#8221;off&#8221; global_colors_info=&#8221;{}&#8221;][et_pb_row custom_padding_last_edited=&#8221;on|phone&#8221; admin_label=&#8221;Title Row&#8221; _builder_version=&#8221;4.21.0&#8243; _module_preset=&#8221;default&#8221; width_tablet=&#8221;90%&#8221; width_phone=&#8221;90%&#8221; width_last_edited=&#8221;on|tablet&#8221; max_width_tablet=&#8221;90%&#8221; max_width_phone=&#8221;90%&#8221; max_width_last_edited=&#8221;on|tablet&#8221; module_alignment=&#8221;center&#8221; custom_padding_tablet=&#8221;&#8221; custom_padding_phone=&#8221;0px||0px||true|false&#8221; global_colors_info=&#8221;{}&#8221;][et_pb_column type=&#8221;4_4&#8243; _builder_version=&#8221;4.18.0&#8243; _module_preset=&#8221;default&#8221; global_colors_info=&#8221;{}&#8221;][et_pb_text admin_label=&#8221;Title Text&#8221; module_class=&#8221;px_title&#8221; _builder_version=&#8221;4.18.0&#8243; _module_preset=&#8221;default&#8221; text_orientation=&#8221;center&#8221; global_colors_info=&#8221;{}&#8221;]<\/p>\n<h2>Pourquoi acheter chez nous ?<\/h2>\n<p>[\/et_pb_text][et_pb_icon font_icon=\"\uf5bd||fa||900\u2033 icon_width=\"35px\" admin_label=\"Ic\u00f4ne de soulignement du titre\" module_class=\"px_heading_underline\" _builder_version=\"4.18.0\u2033 _module_preset=\"default\" global_colors_info=\"{}\"][\/et_pb_icon][\/et_pb_column][\/et_pb_row][et_pb_row column_structure=\"1_3,1_3,1_3\u2033 use_custom_gutter=\"on\" gutter_width=\"2\u2033 make_equal=\"on\" admin_label=\"Customer Satisfactions Row\" _builder_version=\"4.18.0\u2033 _module_preset=\"default\" width_tablet=\"90%\" width_phone=\"90%\" width_last_edited=\"on|tablet\" max_width_tablet=\"90%\" max_width_phone=\"90%\" max_width_last_edited=\"on|tablet\" global_colors_info=\"{}\"][et_pb_column type=\"1_3\u2033 _builder_version=\"4.18.0\u2033 _module_preset=\"default\" global_colors_info=\"{}\"][et_pb_blurb title=\"Livraison gratuite\" use_icon=\"on\" font_icon=\"\uf472||fa||900\u2033 icon_placement=\"left\" content_max_width=\"100%\" module_class=\"px_customer_satisfaction_blurb\" _builder_version=\"4.23.1\u2033 _module_preset=\"default\" header_font=\"|600|||||||\" body_text_color=\"#7777\u2033 text_orientation_last_edited=\"off|phone\" module_alignment_tablet=\"\" module_alignment_phone=\"center\" module_alignment_last_edited=\"on|phone\" global_colors_info=\"{}\"]Livraison gratuite en Europe[\/et_pb_blurb][\/et_pb_column][et_pb_column type=\"1_3\u2033 _builder_version=\"4.18.0\u2033 _module_preset=\"default\" global_colors_info=\"{}\"][et_pb_blurb title=\"Paiement s\u00e9curis\u00e9\" use_icon=\"on\" font_icon=\"\uf09d||fa||400\u2033 icon_placement=\"left\" module_class=\"px_customer_satisfaction_blurb\" _builder_version=\"4.23.1\u2033 _module_preset=\"default\" header_font=\"|600|||||||\" body_text_color=\"#7777\u2033 global_colors_info=\"{}\"]<\/p>\n<p>Choisissez votre mode de paiement pr\u00e9f\u00e9r\u00e9<\/p>\n<p>[\/et_pb_blurb][\/et_pb_column][et_pb_column type=\"1_3\u2033 _builder_version=\"4.18.0\u2033 _module_preset=\"default\" global_colors_info=\"{}\"][et_pb_blurb title=\"Retour d'argent\" use_icon=\"on\" font_icon=\"\uf4c0||fa||900\u2033 icon_placement=\"left\" module_class=\"px_customer_satisfaction_blurb\" _builder_version=\"4.18.0\u2033 _module_preset=\"default\" header_font=\"|600|||||||\" body_text_color=\"#7777\u2033 global_colors_info=\"{}\"]No Transaction Feed[\/et_pb_blurb][\/et_pb_column][\/et_pb_row][\/et_pb_section]<\/p>","protected":false},"excerpt":{"rendered":"<p><ul id=\"dpprof_breadcrumbs\" class=\"dpprof_breadcrumbs\"><li class=\"item-home\"><a class=\"bread-link bread-home\" href=\"https:\/\/lenouf.com\/fr\" title=\"Home\">Home<\/a><\/li><li class=\"separator separator-home\"> \/ <\/li><\/ul>The story behind L\u00e9noufMeet our visionary perfume artist, a woman of both French and Arab descent, driven by love and inspired by the rich diversity of its heritage. Her passion for art and love has pushed her to give a new dimension to perfumery, where she interweaves all her creativity with the essence of love. [&hellip;]<\/p>","protected":false},"author":1,"featured_media":0,"parent":0,"menu_order":0,"comment_status":"closed","ping_status":"closed","template":"","meta":{"_et_pb_use_builder":"on","_et_pb_old_content":"","_et_gb_content_width":"","footnotes":""},"class_list":["post-92123","page","type-page","status-publish","hentry"],"yoast_head":"<!-- This site is optimized with the Yoast SEO plugin v25.9 - https:\/\/yoast.com\/wordpress\/plugins\/seo\/ -->\n<title>The Story Behind L\u00e9nouf - L\u00c9NOUF<\/title>\n<meta name=\"description\" content=\"Meet our visionary perfume artist, a woman of both French and Arab descent, driven by love and inspired by the rich diversity of its heritage.\" \/>\n<meta name=\"robots\" content=\"index, follow, max-snippet:-1, max-image-preview:large, max-video-preview:-1\" \/>\n<link rel=\"canonical\" href=\"https:\/\/lenouf.com\/fr\/about-us\/\" \/>\n<meta property=\"og:locale\" content=\"fr_FR\" \/>\n<meta property=\"og:type\" content=\"article\" \/>\n<meta property=\"og:title\" content=\"The Story Behind L\u00e9nouf - L\u00c9NOUF\" \/>\n<meta property=\"og:description\" content=\"Meet our visionary perfume artist, a woman of both French and Arab descent, driven by love and inspired by the rich diversity of its heritage.\" \/>\n<meta property=\"og:url\" content=\"https:\/\/lenouf.com\/fr\/about-us\/\" \/>\n<meta property=\"og:site_name\" content=\"L\u00c9NOUF\" \/>\n<meta property=\"article:modified_time\" content=\"2024-01-22T11:44:36+00:00\" \/>\n<meta name=\"twitter:card\" content=\"summary_large_image\" \/>\n<meta name=\"twitter:label1\" content=\"Dur\u00e9e de lecture estim\u00e9e\" \/>\n\t<meta name=\"twitter:data1\" content=\"2 minutes\" \/>\n<script type=\"application\/ld+json\" class=\"yoast-schema-graph\">{\"@context\":\"https:\/\/schema.org\",\"@graph\":[{\"@type\":\"WebPage\",\"@id\":\"https:\/\/lenouf.com\/about-us\/\",\"url\":\"https:\/\/lenouf.com\/about-us\/\",\"name\":\"The Story Behind L\u00e9nouf - L\u00c9NOUF\",\"isPartOf\":{\"@id\":\"https:\/\/lenouf.com\/#website\"},\"datePublished\":\"2022-09-02T10:59:57+00:00\",\"dateModified\":\"2024-01-22T11:44:36+00:00\",\"description\":\"Meet our visionary perfume artist, a woman of both French and Arab descent, driven by love and inspired by the rich diversity of its heritage.\",\"breadcrumb\":{\"@id\":\"https:\/\/lenouf.com\/about-us\/#breadcrumb\"},\"inLanguage\":\"fr-FR\",\"potentialAction\":[{\"@type\":\"ReadAction\",\"target\":[\"https:\/\/lenouf.com\/about-us\/\"]}]},{\"@type\":\"BreadcrumbList\",\"@id\":\"https:\/\/lenouf.com\/about-us\/#breadcrumb\",\"itemListElement\":[{\"@type\":\"ListItem\",\"position\":1,\"name\":\"Home\",\"item\":\"https:\/\/lenouf.com\/\"},{\"@type\":\"ListItem\",\"position\":2,\"name\":\"About Us\"}]},{\"@type\":\"WebSite\",\"@id\":\"https:\/\/lenouf.com\/#website\",\"url\":\"https:\/\/lenouf.com\/\",\"name\":\"L\u00c9NOUF\",\"description\":\"\",\"potentialAction\":[{\"@type\":\"SearchAction\",\"target\":{\"@type\":\"EntryPoint\",\"urlTemplate\":\"https:\/\/lenouf.com\/?s={search_term_string}\"},\"query-input\":{\"@type\":\"PropertyValueSpecification\",\"valueRequired\":true,\"valueName\":\"search_term_string\"}}],\"inLanguage\":\"fr-FR\"}]}<\/script>\n<!-- \/ Yoast SEO plugin. -->","yoast_head_json":{"title":"The Story Behind L\u00e9nouf - L\u00c9NOUF","description":"Meet our visionary perfume artist, a woman of both French and Arab descent, driven by love and inspired by the rich diversity of its heritage.","robots":{"index":"index","follow":"follow","max-snippet":"max-snippet:-1","max-image-preview":"max-image-preview:large","max-video-preview":"max-video-preview:-1"},"canonical":"https:\/\/lenouf.com\/fr\/about-us\/","og_locale":"fr_FR","og_type":"article","og_title":"The Story Behind L\u00e9nouf - L\u00c9NOUF","og_description":"Meet our visionary perfume artist, a woman of both French and Arab descent, driven by love and inspired by the rich diversity of its heritage.","og_url":"https:\/\/lenouf.com\/fr\/about-us\/","og_site_name":"L\u00c9NOUF","article_modified_time":"2024-01-22T11:44:36+00:00","twitter_card":"summary_large_image","twitter_misc":{"Dur\u00e9e de lecture estim\u00e9e":"2 minutes"},"schema":{"@context":"https:\/\/schema.org","@graph":[{"@type":"WebPage","@id":"https:\/\/lenouf.com\/about-us\/","url":"https:\/\/lenouf.com\/about-us\/","name":"The Story Behind L\u00e9nouf - L\u00c9NOUF","isPartOf":{"@id":"https:\/\/lenouf.com\/#website"},"datePublished":"2022-09-02T10:59:57+00:00","dateModified":"2024-01-22T11:44:36+00:00","description":"Meet our visionary perfume artist, a woman of both French and Arab descent, driven by love and inspired by the rich diversity of its heritage.","breadcrumb":{"@id":"https:\/\/lenouf.com\/about-us\/#breadcrumb"},"inLanguage":"fr-FR","potentialAction":[{"@type":"ReadAction","target":["https:\/\/lenouf.com\/about-us\/"]}]},{"@type":"BreadcrumbList","@id":"https:\/\/lenouf.com\/about-us\/#breadcrumb","itemListElement":[{"@type":"ListItem","position":1,"name":"Home","item":"https:\/\/lenouf.com\/"},{"@type":"ListItem","position":2,"name":"About Us"}]},{"@type":"WebSite","@id":"https:\/\/lenouf.com\/#website","url":"https:\/\/lenouf.com\/","name":"L\u00c9NOUF","description":"","potentialAction":[{"@type":"SearchAction","target":{"@type":"EntryPoint","urlTemplate":"https:\/\/lenouf.com\/?s={search_term_string}"},"query-input":{"@type":"PropertyValueSpecification","valueRequired":true,"valueName":"search_term_string"}}],"inLanguage":"fr-FR"}]}},"_links":{"self":[{"href":"https:\/\/lenouf.com\/fr\/wp-json\/wp\/v2\/pages\/92123","targetHints":{"allow":["GET"]}}],"collection":[{"href":"https:\/\/lenouf.com\/fr\/wp-json\/wp\/v2\/pages"}],"about":[{"href":"https:\/\/lenouf.com\/fr\/wp-json\/wp\/v2\/types\/page"}],"author":[{"embeddable":true,"href":"https:\/\/lenouf.com\/fr\/wp-json\/wp\/v2\/users\/1"}],"replies":[{"embeddable":true,"href":"https:\/\/lenouf.com\/fr\/wp-json\/wp\/v2\/comments?post=92123"}],"version-history":[{"count":0,"href":"https:\/\/lenouf.com\/fr\/wp-json\/wp\/v2\/pages\/92123\/revisions"}],"wp:attachment":[{"href":"https:\/\/lenouf.com\/fr\/wp-json\/wp\/v2\/media?parent=92123"}],"curies":[{"name":"wp","href":"https:\/\/api.w.org\/{rel}","templated":true}]}}