{"id":100096,"date":"2023-12-04T17:41:58","date_gmt":"2023-12-04T17:41:58","guid":{"rendered":"https:\/\/lenouf.com\/?page_id=100096"},"modified":"2024-01-22T11:45:06","modified_gmt":"2024-01-22T11:45:06","slug":"our-values","status":"publish","type":"page","link":"https:\/\/lenouf.com\/fr\/our-values\/","title":{"rendered":"Nos valeurs"},"content":{"rendered":"<p>[et_pb_section fb_built=&#8221;1&#8243; custom_padding_last_edited=&#8221;on|phone&#8221; admin_label=&#8221;Inner Banner Section&#8221; module_class=&#8221;px_page_title&#8221; _builder_version=&#8221;4.23.2&#8243; _module_preset=&#8221;default&#8221; background_image=&#8221;https:\/\/lenouf.com\/wp-content\/uploads\/2023\/12\/Homebanner.webp&#8221; custom_margin=&#8221;||||false|false&#8221; custom_padding=&#8221;80px||80px||true|false&#8221; custom_padding_tablet=&#8221;60px||60px||true|false&#8221; custom_padding_phone=&#8221;20px||20px||true|false&#8221; top_divider_color=&#8221;#FFFFFF&#8221; top_divider_height=&#8221;0px&#8221; top_divider_height_tablet=&#8221;&#8221; top_divider_height_phone=&#8221;30px&#8221; top_divider_height_last_edited=&#8221;on|tablet&#8221; bottom_divider_style=&#8221;waves&#8221; bottom_divider_color=&#8221;#F0EBE4&#8243; bottom_divider_height=&#8221;80px&#8221; bottom_divider_flip=&#8221;vertical&#8221; bottom_divider_height_tablet=&#8221;60px&#8221; bottom_divider_height_phone=&#8221;30px&#8221; bottom_divider_height_last_edited=&#8221;on|phone&#8221; global_module=&#8221;100262&#8243; locked=&#8221;off&#8221; global_colors_info=&#8221;{}&#8221;][et_pb_row admin_label=&#8221;Inner Banner Row&#8221; _builder_version=&#8221;4.18.0&#8243; _module_preset=&#8221;default&#8221; global_colors_info=&#8221;{}&#8221;][et_pb_column type=&#8221;4_4&#8243; _builder_version=&#8221;4.18.0&#8243; _module_preset=&#8221;default&#8221; global_colors_info=&#8221;{}&#8221;][et_pb_text admin_label=&#8221;Title Text&#8221; module_class=&#8221;px_page_title_name&#8221; _builder_version=&#8221;4.23.1&#8243; _dynamic_attributes=&#8221;content&#8221; _module_preset=&#8221;default&#8221; global_colors_info=&#8221;{}&#8221;]@ET-DC@eyJkeW5hbWljIjp0cnVlLCJjb250ZW50IjoicG9zdF90aXRsZSIsInNldHRpbmdzIjp7ImJlZm9yZSI6IiIsImFmdGVyIjoiIn19@[\/et_pb_text][\/et_pb_column][\/et_pb_row][et_pb_row admin_label=&#8221;Inner Banner Row&#8221; module_class=&#8221;px_page_title_row&#8221; _builder_version=&#8221;4.21.0&#8243; _module_preset=&#8221;default&#8221; global_colors_info=&#8221;{}&#8221;][et_pb_column type=&#8221;4_4&#8243; module_class=&#8221;px_page_title_column&#8221; _builder_version=&#8221;4.18.0&#8243; _module_preset=&#8221;default&#8221; global_colors_info=&#8221;{}&#8221;][et_pb_text _builder_version=&#8221;4.23.2&#8243; _module_preset=&#8221;default&#8221; text_text_color=&#8221;#FFFFFF&#8221; background_layout=&#8221;dark&#8221; global_colors_info=&#8221;{}&#8221;]<\/p>\n<ul id=\"dpprof_breadcrumbs\" class=\"dpprof_breadcrumbs\"><li class=\"item-home\"><a class=\"bread-link bread-home\" href=\"https:\/\/lenouf.com\/fr\" title=\"Home\">Home<\/a><\/li><li class=\"separator separator-home\"> \/ <\/li><\/ul>\n<p>[\/et_pb_text][\/et_pb_column][\/et_pb_row][\/et_pb_section][et_pb_section fb_built=&#8221;1&#8243; custom_padding_last_edited=&#8221;on|tablet&#8221; admin_label=&#8221;About Us Section&#8221; _builder_version=&#8221;4.23.1&#8243; _module_preset=&#8221;default&#8221; background_color=&#8221;#F0EBE4&#8243; background_enable_image=&#8221;off&#8221; background_size=&#8221;custom&#8221; background_image_width=&#8221;250px&#8221; background_position=&#8221;top_left&#8221; background_horizontal_offset=&#8221;8%&#8221; background_vertical_offset=&#8221;0%&#8221; custom_padding=&#8221;||0px||false|false&#8221; custom_padding_tablet=&#8221;0px||||false|false&#8221; custom_padding_phone=&#8221;0px||||false|false&#8221; background_last_edited=&#8221;on|tablet&#8221; background_enable_image_tablet=&#8221;off&#8221; background_horizontal_offset_tablet=&#8221;0%&#8221; custom_css_main_element=&#8221;overflow:hidden;&#8221; global_colors_info=&#8221;{}&#8221;][et_pb_row column_structure=&#8221;3_5,2_5&#8243; admin_label=&#8221;Title Row&#8221; _builder_version=&#8221;4.23.1&#8243; _module_preset=&#8221;default&#8221; width_tablet=&#8221;90%&#8221; width_phone=&#8221;90%&#8221; width_last_edited=&#8221;on|tablet&#8221; max_width_tablet=&#8221;90%&#8221; max_width_phone=&#8221;90%&#8221; max_width_last_edited=&#8221;on|tablet&#8221; module_alignment=&#8221;center&#8221; global_colors_info=&#8221;{}&#8221;][et_pb_column type=&#8221;3_5&#8243; _builder_version=&#8221;4.18.0&#8243; _module_preset=&#8221;default&#8221; global_colors_info=&#8221;{}&#8221;][et_pb_text admin_label=&#8221;Title Text&#8221; module_class=&#8221;px_title&#8221; _builder_version=&#8221;4.23.1&#8243; _module_preset=&#8221;default&#8221; header_2_line_height=&#8221;1.2em&#8221; text_orientation=&#8221;center&#8221; global_colors_info=&#8221;{}&#8221;]<\/p>\n<h2>Durabilit\u00e9<\/h2>\n<p>[\/et_pb_text][et_pb_icon font_icon=&#8221;&#xf5bd;||fa||900&#8243; icon_width=&#8221;35px&#8221; admin_label=&#8221;Heading Underline Icon&#8221; module_class=&#8221;px_heading_underline&#8221; _builder_version=&#8221;4.18.0&#8243; _module_preset=&#8221;default&#8221; global_colors_info=&#8221;{}&#8221;][\/et_pb_icon][et_pb_text module_class=&#8221;px_desc&#8221; _builder_version=&#8221;4.23.1&#8243; _module_preset=&#8221;default&#8221; global_colors_info=&#8221;{}&#8221;]<\/p>\n<p>La durabilit\u00e9 est l'une des valeurs de notre entreprise. C'est pourquoi nous assumons la responsabilit\u00e9 d'une croissance durable et tenons compte de l'environnement. Lors de la fabrication de nos ingr\u00e9dients, nous nous effor\u00e7ons de peser le moins possible sur l'environnement. Nous utilisons des emballages recycl\u00e9s qui sont int\u00e9gr\u00e9s dans nos processus d'entreprise. Nous nous effor\u00e7ons d'\u00e9viter autant que possible la production de d\u00e9chets.<\/p>\n<h3>La mission d'amour de Lenouf<\/h3>\n<p>Nous voulons rapprocher les gens gr\u00e2ce \u00e0 nos senteurs uniques. Nos parfums repr\u00e9sentent l'amour, chaque parfum a un impact diff\u00e9rent et unique sur les gens.<\/p>\n<p>[\/et_pb_text][\/et_pb_column][et_pb_column type=&#8221;2_5&#8243; _builder_version=&#8221;4.18.0&#8243; _module_preset=&#8221;default&#8221; global_colors_info=&#8221;{}&#8221;][et_pb_image src=&#8221;https:\/\/lenouf.com\/wp-content\/uploads\/2023\/12\/footerback.webp&#8221; title_text=&#8221;footerback&#8221; module_class=&#8221;px_new_collection_img&#8221; _builder_version=&#8221;4.23.1&#8243; _module_preset=&#8221;default&#8221; locked=&#8221;off&#8221; global_colors_info=&#8221;{}&#8221;][\/et_pb_image][et_pb_text disabled_on=&#8221;on|on|off&#8221; admin_label=&#8221;Background Text&#8221; _builder_version=&#8221;4.18.0&#8243; _module_preset=&#8221;default&#8221; positioning=&#8221;absolute&#8221; position_origin_a=&#8221;bottom_right&#8221; vertical_offset=&#8221;245px&#8221; horizontal_offset=&#8221;-255px&#8221; width=&#8221;20px&#8221; height=&#8221;20px&#8221; custom_margin=&#8221;0px|0px|0px|0px|true|true&#8221; custom_padding=&#8221;0px|0px|0px|0px|true|true&#8221; custom_css_main_element=&#8221;background:var(&#8211;px-color-1);&#8221; border_radii=&#8221;on|50%|50%|50%|50%&#8221; locked=&#8221;off&#8221; global_colors_info=&#8221;{}&#8221;][\/et_pb_text][et_pb_text disabled_on=&#8221;on|on|off&#8221; _builder_version=&#8221;4.18.0&#8243; _module_preset=&#8221;default&#8221; positioning=&#8221;absolute&#8221; position_origin_a=&#8221;bottom_right&#8221; width=&#8221;100%&#8221; custom_css_before=&#8221;content: %22%22;||border: 1px solid var(&#8211;px-color-1);||background: transparent;||opacity: 0.4;||position: absolute;||right: -162%;||bottom: 20px;||height: 400px;||width: 400px;||border-radius: 50%;&#8221; custom_css_after=&#8221;content: %22%22;||border: 1px solid var(&#8211;px-color-1);||background: transparent;||opacity: 0.4;||position: absolute;||right: -150%;||bottom: -80px;||height: 400px;||width: 400px;||border-radius: 50%;&#8221; locked=&#8221;off&#8221; global_colors_info=&#8221;{}&#8221;][\/et_pb_text][\/et_pb_column][\/et_pb_row][\/et_pb_section][et_pb_section fb_built=&#8221;1&#8243; admin_label=&#8221;Customer Satisfactions Section&#8221; _builder_version=&#8221;4.23.1&#8243; _module_preset=&#8221;default&#8221; background_color=&#8221;#f1ebe3&#8243; custom_padding=&#8221;0px||||false|false&#8221; global_module=&#8221;100100&#8243; saved_tabs=&#8221;all&#8221; locked=&#8221;off&#8221; global_colors_info=&#8221;{}&#8221;][et_pb_row custom_padding_last_edited=&#8221;on|phone&#8221; admin_label=&#8221;Title Row&#8221; _builder_version=&#8221;4.21.0&#8243; _module_preset=&#8221;default&#8221; width_tablet=&#8221;90%&#8221; width_phone=&#8221;90%&#8221; width_last_edited=&#8221;on|tablet&#8221; max_width_tablet=&#8221;90%&#8221; max_width_phone=&#8221;90%&#8221; max_width_last_edited=&#8221;on|tablet&#8221; module_alignment=&#8221;center&#8221; custom_padding_tablet=&#8221;&#8221; custom_padding_phone=&#8221;0px||0px||true|false&#8221; global_colors_info=&#8221;{}&#8221;][et_pb_column type=&#8221;4_4&#8243; _builder_version=&#8221;4.18.0&#8243; _module_preset=&#8221;default&#8221; global_colors_info=&#8221;{}&#8221;][et_pb_text admin_label=&#8221;Title Text&#8221; module_class=&#8221;px_title&#8221; _builder_version=&#8221;4.18.0&#8243; _module_preset=&#8221;default&#8221; text_orientation=&#8221;center&#8221; global_colors_info=&#8221;{}&#8221;]<\/p>\n<h2>Pourquoi acheter chez nous ?<\/h2>\n<p>[\/et_pb_text][et_pb_icon font_icon=\"\uf5bd||fa||900\u2033 icon_width=\"35px\" admin_label=\"Ic\u00f4ne de soulignement du titre\" module_class=\"px_heading_underline\" _builder_version=\"4.18.0\u2033 _module_preset=\"default\" global_colors_info=\"{}\"][\/et_pb_icon][\/et_pb_column][\/et_pb_row][et_pb_row column_structure=\"1_3,1_3,1_3\u2033 use_custom_gutter=\"on\" gutter_width=\"2\u2033 make_equal=\"on\" admin_label=\"Customer Satisfactions Row\" _builder_version=\"4.18.0\u2033 _module_preset=\"default\" width_tablet=\"90%\" width_phone=\"90%\" width_last_edited=\"on|tablet\" max_width_tablet=\"90%\" max_width_phone=\"90%\" max_width_last_edited=\"on|tablet\" global_colors_info=\"{}\"][et_pb_column type=\"1_3\u2033 _builder_version=\"4.18.0\u2033 _module_preset=\"default\" global_colors_info=\"{}\"][et_pb_blurb title=\"Livraison gratuite\" use_icon=\"on\" font_icon=\"\uf472||fa||900\u2033 icon_placement=\"left\" content_max_width=\"100%\" module_class=\"px_customer_satisfaction_blurb\" _builder_version=\"4.23.1\u2033 _module_preset=\"default\" header_font=\"|600|||||||\" body_text_color=\"#7777\u2033 text_orientation_last_edited=\"off|phone\" module_alignment_tablet=\"\" module_alignment_phone=\"center\" module_alignment_last_edited=\"on|phone\" global_colors_info=\"{}\"]Livraison gratuite en Europe[\/et_pb_blurb][\/et_pb_column][et_pb_column type=\"1_3\u2033 _builder_version=\"4.18.0\u2033 _module_preset=\"default\" global_colors_info=\"{}\"][et_pb_blurb title=\"Paiement s\u00e9curis\u00e9\" use_icon=\"on\" font_icon=\"\uf09d||fa||400\u2033 icon_placement=\"left\" module_class=\"px_customer_satisfaction_blurb\" _builder_version=\"4.23.1\u2033 _module_preset=\"default\" header_font=\"|600|||||||\" body_text_color=\"#7777\u2033 global_colors_info=\"{}\"]<\/p>\n<p>Choisissez votre mode de paiement pr\u00e9f\u00e9r\u00e9<\/p>\n<p>[\/et_pb_blurb][\/et_pb_column][et_pb_column type=\"1_3\u2033 _builder_version=\"4.18.0\u2033 _module_preset=\"default\" global_colors_info=\"{}\"][et_pb_blurb title=\"Retour d'argent\" use_icon=\"on\" font_icon=\"\uf4c0||fa||900\u2033 icon_placement=\"left\" module_class=\"px_customer_satisfaction_blurb\" _builder_version=\"4.18.0\u2033 _module_preset=\"default\" header_font=\"|600|||||||\" body_text_color=\"#7777\u2033 global_colors_info=\"{}\"]No Transaction Feed[\/et_pb_blurb][\/et_pb_column][\/et_pb_row][\/et_pb_section]<\/p>","protected":false},"excerpt":{"rendered":"<p><ul id=\"dpprof_breadcrumbs\" class=\"dpprof_breadcrumbs\"><li class=\"item-home\"><a class=\"bread-link bread-home\" href=\"https:\/\/lenouf.com\/fr\" title=\"Home\">Home<\/a><\/li><li class=\"separator separator-home\"> \/ <\/li><\/ul>SustainabilitySustainability is one of our company values. That is why we take responsibility for sustainable growth and take the environment into account. When manufacturing our ingredients, we work to burden the environment as little as possible. We use recycled packaging that is integrated into our business processes. We strive to prevent as much waste as [&hellip;]<\/p>","protected":false},"author":1,"featured_media":0,"parent":0,"menu_order":0,"comment_status":"closed","ping_status":"closed","template":"","meta":{"_et_pb_use_builder":"on","_et_pb_old_content":"","_et_gb_content_width":"","footnotes":""},"class_list":["post-100096","page","type-page","status-publish","hentry"],"yoast_head":"<!-- This site is optimized with the Yoast SEO plugin v25.9 - https:\/\/yoast.com\/wordpress\/plugins\/seo\/ -->\n<title>Our values - L\u00c9NOUF<\/title>\n<meta name=\"description\" content=\"Sustainability is one of our company values. That is why we take responsibility for sustainable growth and take the environment into account.\" \/>\n<meta name=\"robots\" content=\"index, follow, max-snippet:-1, max-image-preview:large, max-video-preview:-1\" \/>\n<link rel=\"canonical\" href=\"https:\/\/lenouf.com\/fr\/our-values\/\" \/>\n<meta property=\"og:locale\" content=\"fr_FR\" \/>\n<meta property=\"og:type\" content=\"article\" \/>\n<meta property=\"og:title\" content=\"Our values - L\u00c9NOUF\" \/>\n<meta property=\"og:description\" content=\"Sustainability is one of our company values. That is why we take responsibility for sustainable growth and take the environment into account.\" \/>\n<meta property=\"og:url\" content=\"https:\/\/lenouf.com\/fr\/our-values\/\" \/>\n<meta property=\"og:site_name\" content=\"L\u00c9NOUF\" \/>\n<meta property=\"article:modified_time\" content=\"2024-01-22T11:45:06+00:00\" \/>\n<meta name=\"twitter:card\" content=\"summary_large_image\" \/>\n<meta name=\"twitter:label1\" content=\"Dur\u00e9e de lecture estim\u00e9e\" \/>\n\t<meta name=\"twitter:data1\" content=\"1 minute\" \/>\n<script type=\"application\/ld+json\" class=\"yoast-schema-graph\">{\"@context\":\"https:\/\/schema.org\",\"@graph\":[{\"@type\":\"WebPage\",\"@id\":\"https:\/\/lenouf.com\/our-values\/\",\"url\":\"https:\/\/lenouf.com\/our-values\/\",\"name\":\"Our values - L\u00c9NOUF\",\"isPartOf\":{\"@id\":\"https:\/\/lenouf.com\/#website\"},\"datePublished\":\"2023-12-04T17:41:58+00:00\",\"dateModified\":\"2024-01-22T11:45:06+00:00\",\"description\":\"Sustainability is one of our company values. That is why we take responsibility for sustainable growth and take the environment into account.\",\"breadcrumb\":{\"@id\":\"https:\/\/lenouf.com\/our-values\/#breadcrumb\"},\"inLanguage\":\"fr-FR\",\"potentialAction\":[{\"@type\":\"ReadAction\",\"target\":[\"https:\/\/lenouf.com\/our-values\/\"]}]},{\"@type\":\"BreadcrumbList\",\"@id\":\"https:\/\/lenouf.com\/our-values\/#breadcrumb\",\"itemListElement\":[{\"@type\":\"ListItem\",\"position\":1,\"name\":\"Home\",\"item\":\"https:\/\/lenouf.com\/\"},{\"@type\":\"ListItem\",\"position\":2,\"name\":\"Our values\"}]},{\"@type\":\"WebSite\",\"@id\":\"https:\/\/lenouf.com\/#website\",\"url\":\"https:\/\/lenouf.com\/\",\"name\":\"L\u00c9NOUF\",\"description\":\"\",\"potentialAction\":[{\"@type\":\"SearchAction\",\"target\":{\"@type\":\"EntryPoint\",\"urlTemplate\":\"https:\/\/lenouf.com\/?s={search_term_string}\"},\"query-input\":{\"@type\":\"PropertyValueSpecification\",\"valueRequired\":true,\"valueName\":\"search_term_string\"}}],\"inLanguage\":\"fr-FR\"}]}<\/script>\n<!-- \/ Yoast SEO plugin. -->","yoast_head_json":{"title":"Our values - L\u00c9NOUF","description":"Sustainability is one of our company values. That is why we take responsibility for sustainable growth and take the environment into account.","robots":{"index":"index","follow":"follow","max-snippet":"max-snippet:-1","max-image-preview":"max-image-preview:large","max-video-preview":"max-video-preview:-1"},"canonical":"https:\/\/lenouf.com\/fr\/our-values\/","og_locale":"fr_FR","og_type":"article","og_title":"Our values - L\u00c9NOUF","og_description":"Sustainability is one of our company values. That is why we take responsibility for sustainable growth and take the environment into account.","og_url":"https:\/\/lenouf.com\/fr\/our-values\/","og_site_name":"L\u00c9NOUF","article_modified_time":"2024-01-22T11:45:06+00:00","twitter_card":"summary_large_image","twitter_misc":{"Dur\u00e9e de lecture estim\u00e9e":"1 minute"},"schema":{"@context":"https:\/\/schema.org","@graph":[{"@type":"WebPage","@id":"https:\/\/lenouf.com\/our-values\/","url":"https:\/\/lenouf.com\/our-values\/","name":"Our values - L\u00c9NOUF","isPartOf":{"@id":"https:\/\/lenouf.com\/#website"},"datePublished":"2023-12-04T17:41:58+00:00","dateModified":"2024-01-22T11:45:06+00:00","description":"Sustainability is one of our company values. That is why we take responsibility for sustainable growth and take the environment into account.","breadcrumb":{"@id":"https:\/\/lenouf.com\/our-values\/#breadcrumb"},"inLanguage":"fr-FR","potentialAction":[{"@type":"ReadAction","target":["https:\/\/lenouf.com\/our-values\/"]}]},{"@type":"BreadcrumbList","@id":"https:\/\/lenouf.com\/our-values\/#breadcrumb","itemListElement":[{"@type":"ListItem","position":1,"name":"Home","item":"https:\/\/lenouf.com\/"},{"@type":"ListItem","position":2,"name":"Our values"}]},{"@type":"WebSite","@id":"https:\/\/lenouf.com\/#website","url":"https:\/\/lenouf.com\/","name":"L\u00c9NOUF","description":"","potentialAction":[{"@type":"SearchAction","target":{"@type":"EntryPoint","urlTemplate":"https:\/\/lenouf.com\/?s={search_term_string}"},"query-input":{"@type":"PropertyValueSpecification","valueRequired":true,"valueName":"search_term_string"}}],"inLanguage":"fr-FR"}]}},"_links":{"self":[{"href":"https:\/\/lenouf.com\/fr\/wp-json\/wp\/v2\/pages\/100096","targetHints":{"allow":["GET"]}}],"collection":[{"href":"https:\/\/lenouf.com\/fr\/wp-json\/wp\/v2\/pages"}],"about":[{"href":"https:\/\/lenouf.com\/fr\/wp-json\/wp\/v2\/types\/page"}],"author":[{"embeddable":true,"href":"https:\/\/lenouf.com\/fr\/wp-json\/wp\/v2\/users\/1"}],"replies":[{"embeddable":true,"href":"https:\/\/lenouf.com\/fr\/wp-json\/wp\/v2\/comments?post=100096"}],"version-history":[{"count":0,"href":"https:\/\/lenouf.com\/fr\/wp-json\/wp\/v2\/pages\/100096\/revisions"}],"wp:attachment":[{"href":"https:\/\/lenouf.com\/fr\/wp-json\/wp\/v2\/media?parent=100096"}],"curies":[{"name":"wp","href":"https:\/\/api.w.org\/{rel}","templated":true}]}}