{"id":100305,"date":"2023-12-21T08:33:04","date_gmt":"2023-12-21T08:33:04","guid":{"rendered":"https:\/\/lenouf.com\/?post_type=product&#038;p=100305"},"modified":"2023-12-21T08:42:02","modified_gmt":"2023-12-21T08:42:02","slug":"tester-set","status":"publish","type":"product","link":"https:\/\/lenouf.com\/de\/produkt\/tester-set\/","title":{"rendered":"Pr\u00fcfger\u00e4t"},"content":{"rendered":"<p>Mehr Informationen hier...<\/p>","protected":false},"excerpt":{"rendered":"<p>Wenn Sie unsere einzigartigen D\u00fcfte erleben m\u00f6chten, k\u00f6nnen Sie dies mit diesem Tester-Set tun. Lenouf m\u00f6chte Sie mit diesen neuen D\u00fcften bekannt machen.<br \/>\nLenouf bietet die D\u00fcfte Blooms, Carra und Cher in einem Paket an.<\/p>","protected":false},"featured_media":100306,"comment_status":"open","ping_status":"closed","template":"","meta":{"_et_pb_use_builder":"","_et_pb_old_content":"","_et_gb_content_width":""},"product_brand":[],"product_cat":[16],"product_tag":[],"class_list":{"0":"post-100305","1":"product","2":"type-product","3":"status-publish","4":"has-post-thumbnail","6":"product_cat-uncategorized","8":"first","9":"instock","10":"taxable","11":"shipping-taxable","12":"purchasable","13":"product-type-simple"},"yoast_head":"<!-- This site is optimized with the Yoast SEO plugin v25.9 - https:\/\/yoast.com\/wordpress\/plugins\/seo\/ -->\n<title>Tester set - L\u00c9NOUF<\/title>\n<meta name=\"robots\" content=\"index, follow, max-snippet:-1, max-image-preview:large, max-video-preview:-1\" \/>\n<link rel=\"canonical\" href=\"https:\/\/lenouf.com\/de\/produkt\/tester-set\/\" \/>\n<meta property=\"og:locale\" content=\"de_DE\" \/>\n<meta property=\"og:type\" content=\"article\" \/>\n<meta property=\"og:title\" content=\"Tester set - L\u00c9NOUF\" \/>\n<meta property=\"og:description\" content=\"If you want to experience our unique scents, you can do so with this tester set. Lenouf wants to introduce you to these new scents. Lenouf offers the scents Blooms, Carra, Cher in one package.\" \/>\n<meta property=\"og:url\" content=\"https:\/\/lenouf.com\/de\/produkt\/tester-set\/\" \/>\n<meta property=\"og:site_name\" content=\"L\u00c9NOUF\" \/>\n<meta property=\"article:modified_time\" content=\"2023-12-21T08:42:02+00:00\" \/>\n<meta property=\"og:image\" content=\"https:\/\/lenouf.com\/wp-content\/uploads\/2023\/12\/testerset-voor.webp\" \/>\n\t<meta property=\"og:image:width\" content=\"1500\" \/>\n\t<meta property=\"og:image:height\" content=\"1500\" \/>\n\t<meta property=\"og:image:type\" content=\"image\/webp\" \/>\n<meta name=\"twitter:card\" content=\"summary_large_image\" \/>\n<script type=\"application\/ld+json\" class=\"yoast-schema-graph\">{\"@context\":\"https:\/\/schema.org\",\"@graph\":[{\"@type\":\"WebPage\",\"@id\":\"https:\/\/lenouf.com\/product\/tester-set\/\",\"url\":\"https:\/\/lenouf.com\/product\/tester-set\/\",\"name\":\"Tester set - L\u00c9NOUF\",\"isPartOf\":{\"@id\":\"https:\/\/lenouf.com\/#website\"},\"primaryImageOfPage\":{\"@id\":\"https:\/\/lenouf.com\/product\/tester-set\/#primaryimage\"},\"image\":{\"@id\":\"https:\/\/lenouf.com\/product\/tester-set\/#primaryimage\"},\"thumbnailUrl\":\"https:\/\/lenouf.com\/wp-content\/uploads\/2023\/12\/testerset-voor.webp\",\"datePublished\":\"2023-12-21T08:33:04+00:00\",\"dateModified\":\"2023-12-21T08:42:02+00:00\",\"breadcrumb\":{\"@id\":\"https:\/\/lenouf.com\/product\/tester-set\/#breadcrumb\"},\"inLanguage\":\"de\",\"potentialAction\":[{\"@type\":\"ReadAction\",\"target\":[\"https:\/\/lenouf.com\/product\/tester-set\/\"]}]},{\"@type\":\"ImageObject\",\"inLanguage\":\"de\",\"@id\":\"https:\/\/lenouf.com\/product\/tester-set\/#primaryimage\",\"url\":\"https:\/\/lenouf.com\/wp-content\/uploads\/2023\/12\/testerset-voor.webp\",\"contentUrl\":\"https:\/\/lenouf.com\/wp-content\/uploads\/2023\/12\/testerset-voor.webp\",\"width\":1500,\"height\":1500},{\"@type\":\"BreadcrumbList\",\"@id\":\"https:\/\/lenouf.com\/product\/tester-set\/#breadcrumb\",\"itemListElement\":[{\"@type\":\"ListItem\",\"position\":1,\"name\":\"Home\",\"item\":\"https:\/\/lenouf.com\/\"},{\"@type\":\"ListItem\",\"position\":2,\"name\":\"Store\",\"item\":\"https:\/\/lenouf.com\/store\/\"},{\"@type\":\"ListItem\",\"position\":3,\"name\":\"Tester set\"}]},{\"@type\":\"WebSite\",\"@id\":\"https:\/\/lenouf.com\/#website\",\"url\":\"https:\/\/lenouf.com\/\",\"name\":\"L\u00c9NOUF\",\"description\":\"\",\"potentialAction\":[{\"@type\":\"SearchAction\",\"target\":{\"@type\":\"EntryPoint\",\"urlTemplate\":\"https:\/\/lenouf.com\/?s={search_term_string}\"},\"query-input\":{\"@type\":\"PropertyValueSpecification\",\"valueRequired\":true,\"valueName\":\"search_term_string\"}}],\"inLanguage\":\"de\"}]}<\/script>\n<!-- \/ Yoast SEO plugin. -->","yoast_head_json":{"title":"Tester set - L\u00c9NOUF","robots":{"index":"index","follow":"follow","max-snippet":"max-snippet:-1","max-image-preview":"max-image-preview:large","max-video-preview":"max-video-preview:-1"},"canonical":"https:\/\/lenouf.com\/de\/produkt\/tester-set\/","og_locale":"de_DE","og_type":"article","og_title":"Tester set - L\u00c9NOUF","og_description":"If you want to experience our unique scents, you can do so with this tester set. Lenouf wants to introduce you to these new scents. Lenouf offers the scents Blooms, Carra, Cher in one package.","og_url":"https:\/\/lenouf.com\/de\/produkt\/tester-set\/","og_site_name":"L\u00c9NOUF","article_modified_time":"2023-12-21T08:42:02+00:00","og_image":[{"width":1500,"height":1500,"url":"https:\/\/lenouf.com\/wp-content\/uploads\/2023\/12\/testerset-voor.webp","type":"image\/webp"}],"twitter_card":"summary_large_image","schema":{"@context":"https:\/\/schema.org","@graph":[{"@type":"WebPage","@id":"https:\/\/lenouf.com\/product\/tester-set\/","url":"https:\/\/lenouf.com\/product\/tester-set\/","name":"Tester set - L\u00c9NOUF","isPartOf":{"@id":"https:\/\/lenouf.com\/#website"},"primaryImageOfPage":{"@id":"https:\/\/lenouf.com\/product\/tester-set\/#primaryimage"},"image":{"@id":"https:\/\/lenouf.com\/product\/tester-set\/#primaryimage"},"thumbnailUrl":"https:\/\/lenouf.com\/wp-content\/uploads\/2023\/12\/testerset-voor.webp","datePublished":"2023-12-21T08:33:04+00:00","dateModified":"2023-12-21T08:42:02+00:00","breadcrumb":{"@id":"https:\/\/lenouf.com\/product\/tester-set\/#breadcrumb"},"inLanguage":"de","potentialAction":[{"@type":"ReadAction","target":["https:\/\/lenouf.com\/product\/tester-set\/"]}]},{"@type":"ImageObject","inLanguage":"de","@id":"https:\/\/lenouf.com\/product\/tester-set\/#primaryimage","url":"https:\/\/lenouf.com\/wp-content\/uploads\/2023\/12\/testerset-voor.webp","contentUrl":"https:\/\/lenouf.com\/wp-content\/uploads\/2023\/12\/testerset-voor.webp","width":1500,"height":1500},{"@type":"BreadcrumbList","@id":"https:\/\/lenouf.com\/product\/tester-set\/#breadcrumb","itemListElement":[{"@type":"ListItem","position":1,"name":"Home","item":"https:\/\/lenouf.com\/"},{"@type":"ListItem","position":2,"name":"Store","item":"https:\/\/lenouf.com\/store\/"},{"@type":"ListItem","position":3,"name":"Tester set"}]},{"@type":"WebSite","@id":"https:\/\/lenouf.com\/#website","url":"https:\/\/lenouf.com\/","name":"L\u00c9NOUF","description":"","potentialAction":[{"@type":"SearchAction","target":{"@type":"EntryPoint","urlTemplate":"https:\/\/lenouf.com\/?s={search_term_string}"},"query-input":{"@type":"PropertyValueSpecification","valueRequired":true,"valueName":"search_term_string"}}],"inLanguage":"de"}]}},"_links":{"self":[{"href":"https:\/\/lenouf.com\/de\/wp-json\/wp\/v2\/product\/100305","targetHints":{"allow":["GET"]}}],"collection":[{"href":"https:\/\/lenouf.com\/de\/wp-json\/wp\/v2\/product"}],"about":[{"href":"https:\/\/lenouf.com\/de\/wp-json\/wp\/v2\/types\/product"}],"replies":[{"embeddable":true,"href":"https:\/\/lenouf.com\/de\/wp-json\/wp\/v2\/comments?post=100305"}],"wp:featuredmedia":[{"embeddable":true,"href":"https:\/\/lenouf.com\/de\/wp-json\/wp\/v2\/media\/100306"}],"wp:attachment":[{"href":"https:\/\/lenouf.com\/de\/wp-json\/wp\/v2\/media?parent=100305"}],"wp:term":[{"taxonomy":"product_brand","embeddable":true,"href":"https:\/\/lenouf.com\/de\/wp-json\/wp\/v2\/product_brand?post=100305"},{"taxonomy":"product_cat","embeddable":true,"href":"https:\/\/lenouf.com\/de\/wp-json\/wp\/v2\/product_cat?post=100305"},{"taxonomy":"product_tag","embeddable":true,"href":"https:\/\/lenouf.com\/de\/wp-json\/wp\/v2\/product_tag?post=100305"}],"curies":[{"name":"wp","href":"https:\/\/api.w.org\/{rel}","templated":true}]}}